{"id":2,"date":"2023-01-05T22:35:28","date_gmt":"2023-01-05T21:35:28","guid":{"rendered":"http:\/\/declic-comportement.fr\/?page_id=2"},"modified":"2023-02-02T09:28:11","modified_gmt":"2023-02-02T08:28:11","slug":"page-daccueil-declic-comportement","status":"publish","type":"page","link":"https:\/\/declic-comportement.fr\/","title":{"rendered":""},"content":{"rendered":"\n<div class=\"wp-block-group alignwide\"><div class=\"wp-block-group__inner-container is-layout-constrained wp-block-group-is-layout-constrained\"><div class=\"wp-block-image\">\n<figure class=\"aligncenter size-full is-resized\"><img loading=\"lazy\" decoding=\"async\" src=\"https:\/\/declic-comportement.fr\/wp-content\/uploads\/2023\/01\/Capture-decran-2022-10-06-a-23.12.04-1.png\" alt=\"\" class=\"wp-image-164\" width=\"310\" height=\"169\" srcset=\"https:\/\/declic-comportement.fr\/wp-content\/uploads\/2023\/01\/Capture-decran-2022-10-06-a-23.12.04-1.png 872w, https:\/\/declic-comportement.fr\/wp-content\/uploads\/2023\/01\/Capture-decran-2022-10-06-a-23.12.04-1-300x164.png 300w, https:\/\/declic-comportement.fr\/wp-content\/uploads\/2023\/01\/Capture-decran-2022-10-06-a-23.12.04-1-768x419.png 768w, https:\/\/declic-comportement.fr\/wp-content\/uploads\/2023\/01\/Capture-decran-2022-10-06-a-23.12.04-1-540x295.png 540w\" sizes=\"auto, (max-width: 310px) 100vw, 310px\" \/><\/figure>\n<\/div><\/div><\/div>\n\n\n\n<div class=\"wp-block-group alignwide has-large-font-size\"><div class=\"wp-block-group__inner-container is-layout-constrained wp-block-group-is-layout-constrained\"><nav class=\"has-text-color has-headings-color has-large-font-size is-responsive items-justified-center alignwide wp-block-navigation is-content-justification-center is-layout-flex wp-container-core-navigation-is-layout-fe48e5de wp-block-navigation-is-layout-flex\" aria-label=\"Declic comportement\" \n\t\t data-wp-interactive=\"core\/navigation\" data-wp-context='{\"overlayOpenedBy\":{\"click\":false,\"hover\":false,\"focus\":false},\"type\":\"overlay\",\"roleAttribute\":\"\",\"ariaLabel\":\"Menu\"}'><button aria-haspopup=\"dialog\" aria-label=\"Ouvrir le menu\" class=\"wp-block-navigation__responsive-container-open\" \n\t\t\t\tdata-wp-on--click=\"actions.openMenuOnClick\"\n\t\t\t\tdata-wp-on--keydown=\"actions.handleMenuKeydown\"\n\t\t\t><svg width=\"24\" height=\"24\" xmlns=\"http:\/\/www.w3.org\/2000\/svg\" viewBox=\"0 0 24 24\" aria-hidden=\"true\" focusable=\"false\"><path d=\"M4 7.5h16v1.5H4z\"><\/path><path d=\"M4 15h16v1.5H4z\"><\/path><\/svg><\/button>\n\t\t\t\t<div class=\"wp-block-navigation__responsive-container\"  id=\"modal-1\" \n\t\t\t\tdata-wp-class--has-modal-open=\"state.isMenuOpen\"\n\t\t\t\tdata-wp-class--is-menu-open=\"state.isMenuOpen\"\n\t\t\t\tdata-wp-watch=\"callbacks.initMenu\"\n\t\t\t\tdata-wp-on--keydown=\"actions.handleMenuKeydown\"\n\t\t\t\tdata-wp-on--focusout=\"actions.handleMenuFocusout\"\n\t\t\t\ttabindex=\"-1\"\n\t\t\t>\n\t\t\t\t\t<div class=\"wp-block-navigation__responsive-close\" tabindex=\"-1\">\n\t\t\t\t\t\t<div class=\"wp-block-navigation__responsive-dialog\" \n\t\t\t\tdata-wp-bind--aria-modal=\"state.ariaModal\"\n\t\t\t\tdata-wp-bind--aria-label=\"state.ariaLabel\"\n\t\t\t\tdata-wp-bind--role=\"state.roleAttribute\"\n\t\t\t>\n\t\t\t\t\t\t\t<button aria-label=\"Fermer le menu\" class=\"wp-block-navigation__responsive-container-close\" \n\t\t\t\tdata-wp-on--click=\"actions.closeMenuOnClick\"\n\t\t\t><svg xmlns=\"http:\/\/www.w3.org\/2000\/svg\" viewBox=\"0 0 24 24\" width=\"24\" height=\"24\" aria-hidden=\"true\" focusable=\"false\"><path d=\"m13.06 12 6.47-6.47-1.06-1.06L12 10.94 5.53 4.47 4.47 5.53 10.94 12l-6.47 6.47 1.06 1.06L12 13.06l6.47 6.47 1.06-1.06L13.06 12Z\"><\/path><\/svg><\/button>\n\t\t\t\t\t\t\t<div class=\"wp-block-navigation__responsive-container-content\" \n\t\t\t\tdata-wp-watch=\"callbacks.focusFirstElement\"\n\t\t\t id=\"modal-1-content\">\n\t\t\t\t\t\t\t\t<ul class=\"wp-block-navigation__container has-text-color has-headings-color has-large-font-size is-responsive items-justified-center alignwide wp-block-navigation has-large-font-size\"><li class=\"has-large-font-size wp-block-navigation-item wp-block-navigation-link\"><a class=\"wp-block-navigation-item__content\"  href=\"https:\/\/declic-comportement.fr\/?page_id=28\"><span class=\"wp-block-navigation-item__label\">Certification M\u00e9taNature<\/span><\/a><\/li><li class=\"has-large-font-size wp-block-navigation-item wp-block-navigation-link\"><a class=\"wp-block-navigation-item__content\"  href=\"https:\/\/declic-comportement.fr\/?page_id=34\"><span class=\"wp-block-navigation-item__label\">Manager<\/span><\/a><\/li><li class=\"has-large-font-size wp-block-navigation-item wp-block-navigation-link\"><a class=\"wp-block-navigation-item__content\"  href=\"https:\/\/declic-comportement.fr\/?page_id=48\"><span class=\"wp-block-navigation-item__label\">Vendre<\/span><\/a><\/li><li class=\"has-large-font-size wp-block-navigation-item wp-block-navigation-link\"><a class=\"wp-block-navigation-item__content\"  href=\"https:\/\/declic-comportement.fr\/?page_id=65\"><span class=\"wp-block-navigation-item__label\">Contact<\/span><\/a><\/li><\/ul>\n\t\t\t\t\t\t\t\t\n\t\t\t\t\t\t\t<\/div>\n\t\t\t\t\t\t<\/div>\n\t\t\t\t\t<\/div>\n\t\t\t\t<\/div><\/nav><\/div><\/div>\n\n\n\n<div class=\"wp-block-group alignfull\"><div class=\"wp-block-group__inner-container is-layout-constrained wp-block-group-is-layout-constrained\">\n<div class=\"wp-block-cover alignfull is-light has-small-font-size\" style=\"min-height:200px;aspect-ratio:unset;\"><span aria-hidden=\"true\" class=\"wp-block-cover__background has-background-dim-30 has-background-dim\"><\/span><img loading=\"lazy\" decoding=\"async\" width=\"2048\" height=\"1268\" class=\"wp-block-cover__image-background wp-image-207\" alt=\"\" src=\"https:\/\/declic-comportement.fr\/wp-content\/uploads\/2023\/01\/guy-guy-2048x1268-2.jpeg\" style=\"object-position:50% 45%\" data-object-fit=\"cover\" data-object-position=\"50% 45%\" srcset=\"https:\/\/declic-comportement.fr\/wp-content\/uploads\/2023\/01\/guy-guy-2048x1268-2.jpeg 2048w, https:\/\/declic-comportement.fr\/wp-content\/uploads\/2023\/01\/guy-guy-2048x1268-2-300x186.jpeg 300w, https:\/\/declic-comportement.fr\/wp-content\/uploads\/2023\/01\/guy-guy-2048x1268-2-1024x634.jpeg 1024w, https:\/\/declic-comportement.fr\/wp-content\/uploads\/2023\/01\/guy-guy-2048x1268-2-768x476.jpeg 768w, https:\/\/declic-comportement.fr\/wp-content\/uploads\/2023\/01\/guy-guy-2048x1268-2-1536x951.jpeg 1536w, https:\/\/declic-comportement.fr\/wp-content\/uploads\/2023\/01\/guy-guy-2048x1268-2-1120x693.jpeg 1120w, https:\/\/declic-comportement.fr\/wp-content\/uploads\/2023\/01\/guy-guy-2048x1268-2-540x334.jpeg 540w, https:\/\/declic-comportement.fr\/wp-content\/uploads\/2023\/01\/guy-guy-2048x1268-2-1080x669.jpeg 1080w, https:\/\/declic-comportement.fr\/wp-content\/uploads\/2023\/01\/guy-guy-2048x1268-2-1980x1226.jpeg 1980w\" sizes=\"auto, (max-width: 2048px) 100vw, 2048px\" \/><div class=\"wp-block-cover__inner-container is-layout-flow wp-block-cover-is-layout-flow\">\n<p class=\"has-text-align-center has-large-font-size wp-block-paragraph\"><\/p>\n<\/div><\/div>\n<\/div><\/div>\n\n\n\n<div class=\"wp-block-group alignwide\"><div class=\"wp-block-group__inner-container is-layout-constrained wp-block-group-is-layout-constrained\">\n<p class=\"has-text-align-center wp-block-paragraph\">Je suis&nbsp;<strong>Guy TISSEUR<\/strong>, du cabinet&nbsp;<strong>DECLIC COMPORTEMENT<\/strong>,&nbsp;sp\u00e9cialiste du bon comportement, pour les manageurs et les vendeurs\/n\u00e9gociateurs, ainsi que pour toute relation interpersonnelle<strong>.<\/strong> On m&rsquo;appelle le paysagiste des comportements.<\/p>\n\n\n\n<p class=\"has-text-align-center wp-block-paragraph\">Je suis \u00e9galement&nbsp;<strong>coach certifi\u00e9 HEC<\/strong>&nbsp;et&nbsp;<strong>M\u00e9taNATURE<\/strong><\/p>\n<\/div><\/div>\n\n\n\n<div class=\"wp-block-group alignwide\"><div class=\"wp-block-group__inner-container is-layout-constrained wp-block-group-is-layout-constrained\"><div class=\"wp-block-image\">\n<figure class=\"aligncenter\"><a href=\"https:\/\/www.linkedin.com\/in\/guy-tisseur-positif-coach-et-formateur-d\u00e9clic-comportement-80b44b50\/\"><img loading=\"lazy\" decoding=\"async\" width=\"294\" height=\"362\" src=\"https:\/\/declic-comportement.fr\/wp-content\/uploads\/2023\/01\/Capture-decran-2020-11-02-a-20.30.23-1-2.png\" alt=\"Guy Tisseur, Positif Coach et Formateur en management et en vente. \" class=\"wp-image-12\" srcset=\"https:\/\/declic-comportement.fr\/wp-content\/uploads\/2023\/01\/Capture-decran-2020-11-02-a-20.30.23-1-2.png 294w, https:\/\/declic-comportement.fr\/wp-content\/uploads\/2023\/01\/Capture-decran-2020-11-02-a-20.30.23-1-2-244x300.png 244w\" sizes=\"auto, (max-width: 294px) 100vw, 294px\" \/><\/a><\/figure>\n<\/div><\/div><\/div>\n\n\n\n<div class=\"wp-block-group alignwide\"><div class=\"wp-block-group__inner-container is-layout-constrained wp-block-group-is-layout-constrained\">\n<p class=\"has-text-align-center has-large-font-size wp-block-paragraph\"><strong><em>Nos deux formations :<\/em><\/strong><\/p>\n\n\n\n<p class=\"has-text-align-center wp-block-paragraph\"><strong>Vendre avec Efficacit\u00e9 et Plaisir<\/strong>, et&nbsp;<strong>Manager avec Efficacit\u00e9 et Bienveillance<\/strong>, s\u2019adressent aux&nbsp;vendeurs\/n\u00e9gociateurs\/commerciaux et aux managers\/directeurs.<\/p>\n\n\n\n<p class=\"has-text-align-center wp-block-paragraph\">Ces formations b\u00e9n\u00e9ficient d\u2019une forte appropriation imm\u00e9diate et ce, quelque soit l\u2019anciennet\u00e9 ou l\u2019expertise m\u00e9tier du collaborateur dans son poste.<\/p>\n\n\n\n<p class=\"has-text-align-center wp-block-paragraph\">Nous n\u2019utilisons&nbsp;pas de techniques et\/ou m\u00e9thodes complexes et th\u00e9oriques, certes s\u00e9duisantes en s\u00e9minaire, mais difficiles \u00e0 mettre en \u0153uvre dans la vraie vie professionnelle.<\/p>\n\n\n\n<p class=\"has-text-align-center wp-block-paragraph\">Nos s\u00e9minaires provoquent&nbsp;<strong>un&nbsp;D\u00e9clic<\/strong>&nbsp;qui donne envie d\u2019aller mettre en application&nbsp;sur le terrain,&nbsp;ce que les participants ont exp\u00e9riment\u00e9 naturellement&nbsp;en formation.<\/p>\n\n\n\n<p class=\"has-text-align-center wp-block-paragraph\">Elles permettent aussi d\u2019y prendre du plaisir, facteur de fid\u00e9lisation dans les entreprises.<\/p>\n\n\n\n<div style=\"height:30px\" aria-hidden=\"true\" class=\"wp-block-spacer\"><\/div>\n\n\n\n<p class=\"has-text-align-center wp-block-paragraph\"><strong><em>\u00ab&nbsp;Tu me dis, j\u2019oublie ! Tu m\u2019enseignes, je me souviens ! Tu m\u2019impliques, j\u2019apprends !&nbsp;\u00bb&nbsp;<\/em><\/strong><em><\/em><\/p>\n\n\n\n<p class=\"has-text-align-center wp-block-paragraph\"><strong><em>&nbsp;<\/em><\/strong><em>Benjamin Franklin<\/em><\/p>\n<\/div><\/div>\n\n\n\n<div class=\"wp-block-group alignwide\"><div class=\"wp-block-group__inner-container is-layout-constrained wp-block-group-is-layout-constrained\">\n<div class=\"wp-block-columns are-vertically-aligned-center is-layout-flex wp-container-core-columns-is-layout-8f761849 wp-block-columns-is-layout-flex\">\n<div class=\"wp-block-column is-vertically-aligned-center is-layout-flow wp-block-column-is-layout-flow\">\n<div class=\"wp-block-buttons is-content-justification-center is-layout-flex wp-container-core-buttons-is-layout-fe48e5de wp-block-buttons-is-layout-flex\">\n<div class=\"wp-block-button has-custom-width wp-block-button__width-50\"><a class=\"wp-block-button__link has-background wp-element-button\" href=\"https:\/\/declic-comportement.fr\/?page_id=34\" style=\"border-radius:100px;background-color:#8a730d\">MANAGER<\/a><\/div>\n<\/div>\n<\/div>\n\n\n\n<div class=\"wp-block-column is-vertically-aligned-center is-layout-flow wp-block-column-is-layout-flow\">\n<div class=\"wp-block-buttons is-content-justification-center is-layout-flex wp-container-core-buttons-is-layout-fe48e5de wp-block-buttons-is-layout-flex\">\n<div class=\"wp-block-button has-custom-width wp-block-button__width-50\"><a class=\"wp-block-button__link has-background wp-element-button\" href=\"https:\/\/declic-comportement.fr\/?page_id=48\" style=\"border-radius:100px;background-color:#8a730d\">VENDRE<\/a><\/div>\n<\/div>\n<\/div>\n<\/div>\n<\/div><\/div>\n\n\n\n<div class=\"wp-block-group alignwide\"><div class=\"wp-block-group__inner-container is-layout-constrained wp-block-group-is-layout-constrained\">\n<hr class=\"wp-block-separator aligncenter has-alpha-channel-opacity is-style-wide\"\/>\n<\/div><\/div>\n\n\n\n<div class=\"wp-block-group alignwide\"><div class=\"wp-block-group__inner-container is-layout-constrained wp-block-group-is-layout-constrained\">\n<div class=\"wp-block-columns alignwide are-vertically-aligned-center is-layout-flex wp-container-core-columns-is-layout-8f761849 wp-block-columns-is-layout-flex\">\n<div class=\"wp-block-column is-vertically-aligned-center is-layout-flow wp-block-column-is-layout-flow\">\n<div class=\"wp-block-group is-vertical is-content-justification-center is-layout-flex wp-container-core-group-is-layout-524f8de7 wp-block-group-is-layout-flex\">\n<p class=\"has-text-align-center wp-block-paragraph\"><strong>Tisseur Guy<\/strong> &#8211; <em>Sp\u00e9cialiste de l&rsquo;efficience manag\u00e9riale et de la relation commerciale.<\/em><\/p>\n\n\n\n<p class=\"has-text-align-left wp-block-paragraph\">\ud83d\udcde 06 46 23 04 63<\/p>\n\n\n\n<p class=\"has-text-align-left wp-block-paragraph\">\ud83d\udce7 g.tisseur@declic-comportement.fR<\/p>\n<\/div>\n<\/div>\n\n\n\n<div class=\"wp-block-column is-vertically-aligned-center is-layout-flow wp-block-column-is-layout-flow\">\n<p class=\"has-text-align-center wp-block-paragraph\">Suivez mon actualit\u00e9 sur Linkedin : <\/p>\n\n\n\n<ul class=\"wp-block-social-links has-large-icon-size is-content-justification-center is-layout-flex wp-container-core-social-links-is-layout-fe48e5de wp-block-social-links-is-layout-flex\"><li class=\"wp-social-link wp-social-link-linkedin  wp-block-social-link\"><a href=\"https:\/\/www.linkedin.com\/in\/guy-tisseur-positif-coach-et-formateur-d\u00e9clic-comportement-80b44b50\/\" class=\"wp-block-social-link-anchor\"><svg width=\"24\" height=\"24\" viewBox=\"0 0 24 24\" version=\"1.1\" xmlns=\"http:\/\/www.w3.org\/2000\/svg\" aria-hidden=\"true\" focusable=\"false\"><path d=\"M19.7,3H4.3C3.582,3,3,3.582,3,4.3v15.4C3,20.418,3.582,21,4.3,21h15.4c0.718,0,1.3-0.582,1.3-1.3V4.3 C21,3.582,20.418,3,19.7,3z M8.339,18.338H5.667v-8.59h2.672V18.338z M7.004,8.574c-0.857,0-1.549-0.694-1.549-1.548 c0-0.855,0.691-1.548,1.549-1.548c0.854,0,1.547,0.694,1.547,1.548C8.551,7.881,7.858,8.574,7.004,8.574z M18.339,18.338h-2.669 v-4.177c0-0.996-0.017-2.278-1.387-2.278c-1.389,0-1.601,1.086-1.601,2.206v4.249h-2.667v-8.59h2.559v1.174h0.037 c0.356-0.675,1.227-1.387,2.526-1.387c2.703,0,3.203,1.779,3.203,4.092V18.338z\"><\/path><\/svg><span class=\"wp-block-social-link-label screen-reader-text\">LinkedIn<\/span><\/a><\/li><\/ul>\n<\/div>\n<\/div>\n<\/div><\/div>\n\n\n\n<figure class=\"wp-block-image alignfull size-large\"><a href=\"https:\/\/declic-comportement.fr\/\"><img loading=\"lazy\" decoding=\"async\" width=\"1024\" height=\"61\" src=\"https:\/\/declic-comportement.fr\/wp-content\/uploads\/2023\/01\/Capture-decran-2022-10-06-a-22.07.20-1024x61.png\" alt=\"\" class=\"wp-image-21\" srcset=\"https:\/\/declic-comportement.fr\/wp-content\/uploads\/2023\/01\/Capture-decran-2022-10-06-a-22.07.20-1024x61.png 1024w, https:\/\/declic-comportement.fr\/wp-content\/uploads\/2023\/01\/Capture-decran-2022-10-06-a-22.07.20-300x18.png 300w, https:\/\/declic-comportement.fr\/wp-content\/uploads\/2023\/01\/Capture-decran-2022-10-06-a-22.07.20-768x46.png 768w, https:\/\/declic-comportement.fr\/wp-content\/uploads\/2023\/01\/Capture-decran-2022-10-06-a-22.07.20-1536x92.png 1536w, https:\/\/declic-comportement.fr\/wp-content\/uploads\/2023\/01\/Capture-decran-2022-10-06-a-22.07.20-540x32.png 540w, https:\/\/declic-comportement.fr\/wp-content\/uploads\/2023\/01\/Capture-decran-2022-10-06-a-22.07.20-1080x65.png 1080w, https:\/\/declic-comportement.fr\/wp-content\/uploads\/2023\/01\/Capture-decran-2022-10-06-a-22.07.20.png 1974w\" sizes=\"auto, (max-width: 1024px) 100vw, 1024px\" \/><\/a><\/figure>\n","protected":false},"excerpt":{"rendered":"<p>Je suis&nbsp;Guy TISSEUR, du cabinet&nbsp;DECLIC COMPORTEMENT,&nbsp;sp\u00e9cialiste du bon comportement, pour les manageurs et les vendeurs\/n\u00e9gociateurs, ainsi que pour toute relation interpersonnelle. On m&rsquo;appelle le paysagiste des comportements. Je&hellip;<\/p>\n","protected":false},"author":1,"featured_media":0,"parent":0,"menu_order":0,"comment_status":"closed","ping_status":"open","template":"","meta":{"_crdt_document":"","footnotes":""},"class_list":["post-2","page","type-page","status-publish","has-post-thumbnail","hentry"],"yoast_head":"<!-- This site is optimized with the Yoast SEO plugin v27.5 - https:\/\/yoast.com\/product\/yoast-seo-wordpress\/ -->\n<title>D\u00c9CLIC COMPORTEMENT - Tisseur Guy<\/title>\n<meta name=\"description\" content=\"Je suis\u00a0Guy TISSEUR, Sp\u00e9cialiste de l&#039;efficience manag\u00e9riale et de la relation commerciale. On m&#039;appelle le paysagiste des comportements.\" \/>\n<meta name=\"robots\" content=\"index, follow, max-snippet:-1, max-image-preview:large, max-video-preview:-1\" \/>\n<link rel=\"canonical\" href=\"https:\/\/declic-comportement.fr\/\" \/>\n<meta property=\"og:locale\" content=\"fr_FR\" \/>\n<meta property=\"og:type\" content=\"article\" \/>\n<meta property=\"og:title\" content=\"D\u00c9CLIC COMPORTEMENT - Tisseur Guy\" \/>\n<meta property=\"og:description\" content=\"Je suis\u00a0Guy TISSEUR, Sp\u00e9cialiste de l&#039;efficience manag\u00e9riale et de la relation commerciale. On m&#039;appelle le paysagiste des comportements.\" \/>\n<meta property=\"og:url\" content=\"https:\/\/declic-comportement.fr\/\" \/>\n<meta property=\"og:site_name\" content=\"D\u00e9clic comportement\" \/>\n<meta property=\"article:modified_time\" content=\"2023-02-02T08:28:11+00:00\" \/>\n<meta property=\"og:image\" content=\"https:\/\/declic-comportement.fr\/wp-content\/uploads\/2023\/01\/Capture-decran-2022-10-06-a-23.12.04-1.png\" \/>\n<meta name=\"twitter:card\" content=\"summary_large_image\" \/>\n<meta name=\"twitter:label1\" content=\"Dur\u00e9e de lecture estim\u00e9e\" \/>\n\t<meta name=\"twitter:data1\" content=\"2 minutes\" \/>\n<script type=\"application\/ld+json\" class=\"yoast-schema-graph\">{\"@context\":\"https:\\\/\\\/schema.org\",\"@graph\":[{\"@type\":\"WebPage\",\"@id\":\"https:\\\/\\\/declic-comportement.fr\\\/\",\"url\":\"https:\\\/\\\/declic-comportement.fr\\\/\",\"name\":\"D\u00c9CLIC COMPORTEMENT - Tisseur Guy\",\"isPartOf\":{\"@id\":\"https:\\\/\\\/declic-comportement.fr\\\/#website\"},\"primaryImageOfPage\":{\"@id\":\"https:\\\/\\\/declic-comportement.fr\\\/#primaryimage\"},\"image\":{\"@id\":\"https:\\\/\\\/declic-comportement.fr\\\/#primaryimage\"},\"thumbnailUrl\":\"https:\\\/\\\/declic-comportement.fr\\\/wp-content\\\/uploads\\\/2023\\\/01\\\/Capture-decran-2022-10-06-a-23.12.04-1.png\",\"datePublished\":\"2023-01-05T21:35:28+00:00\",\"dateModified\":\"2023-02-02T08:28:11+00:00\",\"description\":\"Je suis\u00a0Guy TISSEUR, Sp\u00e9cialiste de l'efficience manag\u00e9riale et de la relation commerciale. On m'appelle le paysagiste des comportements.\",\"inLanguage\":\"fr-FR\",\"potentialAction\":[{\"@type\":\"ReadAction\",\"target\":[\"https:\\\/\\\/declic-comportement.fr\\\/\"]}]},{\"@type\":\"ImageObject\",\"inLanguage\":\"fr-FR\",\"@id\":\"https:\\\/\\\/declic-comportement.fr\\\/#primaryimage\",\"url\":\"https:\\\/\\\/declic-comportement.fr\\\/wp-content\\\/uploads\\\/2023\\\/01\\\/Capture-decran-2022-10-06-a-23.12.04-1.png\",\"contentUrl\":\"https:\\\/\\\/declic-comportement.fr\\\/wp-content\\\/uploads\\\/2023\\\/01\\\/Capture-decran-2022-10-06-a-23.12.04-1.png\",\"width\":872,\"height\":476},{\"@type\":\"WebSite\",\"@id\":\"https:\\\/\\\/declic-comportement.fr\\\/#website\",\"url\":\"https:\\\/\\\/declic-comportement.fr\\\/\",\"name\":\"D\u00e9clic comportement\",\"description\":\"Positif coach et formateur\",\"publisher\":{\"@id\":\"https:\\\/\\\/declic-comportement.fr\\\/#organization\"},\"potentialAction\":[{\"@type\":\"SearchAction\",\"target\":{\"@type\":\"EntryPoint\",\"urlTemplate\":\"https:\\\/\\\/declic-comportement.fr\\\/?s={search_term_string}\"},\"query-input\":{\"@type\":\"PropertyValueSpecification\",\"valueRequired\":true,\"valueName\":\"search_term_string\"}}],\"inLanguage\":\"fr-FR\"},{\"@type\":\"Organization\",\"@id\":\"https:\\\/\\\/declic-comportement.fr\\\/#organization\",\"name\":\"D\u00e9clic comportement\",\"url\":\"https:\\\/\\\/declic-comportement.fr\\\/\",\"logo\":{\"@type\":\"ImageObject\",\"inLanguage\":\"fr-FR\",\"@id\":\"https:\\\/\\\/declic-comportement.fr\\\/#\\\/schema\\\/logo\\\/image\\\/\",\"url\":\"https:\\\/\\\/declic-comportement.fr\\\/wp-content\\\/uploads\\\/2023\\\/01\\\/cropped-Capture-decran-2022-10-06-a-23.12.04.png\",\"contentUrl\":\"https:\\\/\\\/declic-comportement.fr\\\/wp-content\\\/uploads\\\/2023\\\/01\\\/cropped-Capture-decran-2022-10-06-a-23.12.04.png\",\"width\":801,\"height\":476,\"caption\":\"D\u00e9clic comportement\"},\"image\":{\"@id\":\"https:\\\/\\\/declic-comportement.fr\\\/#\\\/schema\\\/logo\\\/image\\\/\"}}]}<\/script>\n<!-- \/ Yoast SEO plugin. -->","yoast_head_json":{"title":"D\u00c9CLIC COMPORTEMENT - Tisseur Guy","description":"Je suis\u00a0Guy TISSEUR, Sp\u00e9cialiste de l'efficience manag\u00e9riale et de la relation commerciale. On m'appelle le paysagiste des comportements.","robots":{"index":"index","follow":"follow","max-snippet":"max-snippet:-1","max-image-preview":"max-image-preview:large","max-video-preview":"max-video-preview:-1"},"canonical":"https:\/\/declic-comportement.fr\/","og_locale":"fr_FR","og_type":"article","og_title":"D\u00c9CLIC COMPORTEMENT - Tisseur Guy","og_description":"Je suis\u00a0Guy TISSEUR, Sp\u00e9cialiste de l'efficience manag\u00e9riale et de la relation commerciale. On m'appelle le paysagiste des comportements.","og_url":"https:\/\/declic-comportement.fr\/","og_site_name":"D\u00e9clic comportement","article_modified_time":"2023-02-02T08:28:11+00:00","og_image":[{"url":"https:\/\/declic-comportement.fr\/wp-content\/uploads\/2023\/01\/Capture-decran-2022-10-06-a-23.12.04-1.png","type":"","width":"","height":""}],"twitter_card":"summary_large_image","twitter_misc":{"Dur\u00e9e de lecture estim\u00e9e":"2 minutes"},"schema":{"@context":"https:\/\/schema.org","@graph":[{"@type":"WebPage","@id":"https:\/\/declic-comportement.fr\/","url":"https:\/\/declic-comportement.fr\/","name":"D\u00c9CLIC COMPORTEMENT - Tisseur Guy","isPartOf":{"@id":"https:\/\/declic-comportement.fr\/#website"},"primaryImageOfPage":{"@id":"https:\/\/declic-comportement.fr\/#primaryimage"},"image":{"@id":"https:\/\/declic-comportement.fr\/#primaryimage"},"thumbnailUrl":"https:\/\/declic-comportement.fr\/wp-content\/uploads\/2023\/01\/Capture-decran-2022-10-06-a-23.12.04-1.png","datePublished":"2023-01-05T21:35:28+00:00","dateModified":"2023-02-02T08:28:11+00:00","description":"Je suis\u00a0Guy TISSEUR, Sp\u00e9cialiste de l'efficience manag\u00e9riale et de la relation commerciale. On m'appelle le paysagiste des comportements.","inLanguage":"fr-FR","potentialAction":[{"@type":"ReadAction","target":["https:\/\/declic-comportement.fr\/"]}]},{"@type":"ImageObject","inLanguage":"fr-FR","@id":"https:\/\/declic-comportement.fr\/#primaryimage","url":"https:\/\/declic-comportement.fr\/wp-content\/uploads\/2023\/01\/Capture-decran-2022-10-06-a-23.12.04-1.png","contentUrl":"https:\/\/declic-comportement.fr\/wp-content\/uploads\/2023\/01\/Capture-decran-2022-10-06-a-23.12.04-1.png","width":872,"height":476},{"@type":"WebSite","@id":"https:\/\/declic-comportement.fr\/#website","url":"https:\/\/declic-comportement.fr\/","name":"D\u00e9clic comportement","description":"Positif coach et formateur","publisher":{"@id":"https:\/\/declic-comportement.fr\/#organization"},"potentialAction":[{"@type":"SearchAction","target":{"@type":"EntryPoint","urlTemplate":"https:\/\/declic-comportement.fr\/?s={search_term_string}"},"query-input":{"@type":"PropertyValueSpecification","valueRequired":true,"valueName":"search_term_string"}}],"inLanguage":"fr-FR"},{"@type":"Organization","@id":"https:\/\/declic-comportement.fr\/#organization","name":"D\u00e9clic comportement","url":"https:\/\/declic-comportement.fr\/","logo":{"@type":"ImageObject","inLanguage":"fr-FR","@id":"https:\/\/declic-comportement.fr\/#\/schema\/logo\/image\/","url":"https:\/\/declic-comportement.fr\/wp-content\/uploads\/2023\/01\/cropped-Capture-decran-2022-10-06-a-23.12.04.png","contentUrl":"https:\/\/declic-comportement.fr\/wp-content\/uploads\/2023\/01\/cropped-Capture-decran-2022-10-06-a-23.12.04.png","width":801,"height":476,"caption":"D\u00e9clic comportement"},"image":{"@id":"https:\/\/declic-comportement.fr\/#\/schema\/logo\/image\/"}}]}},"_links":{"self":[{"href":"https:\/\/declic-comportement.fr\/index.php?rest_route=\/wp\/v2\/pages\/2","targetHints":{"allow":["GET"]}}],"collection":[{"href":"https:\/\/declic-comportement.fr\/index.php?rest_route=\/wp\/v2\/pages"}],"about":[{"href":"https:\/\/declic-comportement.fr\/index.php?rest_route=\/wp\/v2\/types\/page"}],"author":[{"embeddable":true,"href":"https:\/\/declic-comportement.fr\/index.php?rest_route=\/wp\/v2\/users\/1"}],"replies":[{"embeddable":true,"href":"https:\/\/declic-comportement.fr\/index.php?rest_route=%2Fwp%2Fv2%2Fcomments&post=2"}],"version-history":[{"count":46,"href":"https:\/\/declic-comportement.fr\/index.php?rest_route=\/wp\/v2\/pages\/2\/revisions"}],"predecessor-version":[{"id":220,"href":"https:\/\/declic-comportement.fr\/index.php?rest_route=\/wp\/v2\/pages\/2\/revisions\/220"}],"wp:attachment":[{"href":"https:\/\/declic-comportement.fr\/index.php?rest_route=%2Fwp%2Fv2%2Fmedia&parent=2"}],"curies":[{"name":"wp","href":"https:\/\/api.w.org\/{rel}","templated":true}]}}