{"id":28,"date":"2023-01-09T21:38:08","date_gmt":"2023-01-09T20:38:08","guid":{"rendered":"http:\/\/declic-comportement.fr\/?page_id=28"},"modified":"2023-01-11T13:45:50","modified_gmt":"2023-01-11T12:45:50","slug":"certification-metanature-declic-comportement","status":"publish","type":"page","link":"https:\/\/declic-comportement.fr\/?page_id=28","title":{"rendered":"CERTIFICATION M\u00c9TANATURE"},"content":{"rendered":"\n<div class=\"wp-block-group alignwide\"><div class=\"wp-block-group__inner-container is-layout-constrained wp-block-group-is-layout-constrained\">\n<h4 class=\"wp-block-heading has-text-align-center has-text-color\" style=\"color:#82740e\"><strong>M\u00e9taNATURE&nbsp;<\/strong>; une m\u00e9thode d\u2019accompagnement des personnes dans la&nbsp;<strong>NATURE<\/strong>&nbsp;et surtout avec la&nbsp;<strong>NATURE&nbsp;<\/strong>!<\/h4>\n\n\n\n<p class=\"wp-block-paragraph\"><strong>M\u00e9taNATURE\u00a0<\/strong>est une m\u00e9thode d\u2019accompagnement dans laquelle la nature est \u00e0 la fois un cadre (dimension immersive) et un partenaire (dimension relationnelle), qui vient faire tiers entre l\u2019accompagn\u00e9 et l\u2019accompagnateur.<\/p>\n\n\n\n<div style=\"height:4px\" aria-hidden=\"true\" class=\"wp-block-spacer\"><\/div>\n\n\n\n<p class=\"wp-block-paragraph\">Fond\u00e9e sur les apports de la psychologie de l\u2019environnement, des neurosciences et leurs applications dans divers champs de l\u2019activit\u00e9 humaine(m\u00e9decine, coaching, psychologie, \u00e9ducation..), elle s\u2019appuie conjointement sur la synergie des approches m\u00e9taphoriques, symboliques et projectives sur la sensorialit\u00e9, en tant que vecteur&nbsp; d\u2019articulation des perceptions et de l\u2019activit\u00e9 motrice.<\/p>\n<\/div><\/div>\n\n\n\n<div class=\"wp-block-group alignwide\"><div class=\"wp-block-group__inner-container is-layout-constrained wp-block-group-is-layout-constrained\">\n<p class=\"wp-block-paragraph\"><em>\u00ab&nbsp;La nature \u00e0 chaque instant s\u2019occupe de votre bien-\u00eatre. Elle n\u2019a pas d\u2019autre fin. Ne lui r\u00e9sistez pas&nbsp;\u00bb<\/em>&nbsp;&nbsp;&nbsp;<strong>Henry David Thoreau<\/strong><\/p>\n<\/div><\/div>\n\n\n\n<div class=\"wp-block-group alignwide\"><div class=\"wp-block-group__inner-container is-layout-constrained wp-block-group-is-layout-constrained\">\n<div class=\"wp-block-buttons alignwide is-content-justification-center is-layout-flex wp-container-core-buttons-is-layout-fe48e5de wp-block-buttons-is-layout-flex\">\n<div class=\"wp-block-button has-custom-width wp-block-button__width-50\"><a class=\"wp-block-button__link has-background wp-element-button\" href=\"https:\/\/www.metanature.fr\" style=\"background-color:#8a730d\">D\u00e9couvrir la certification<\/a><\/div>\n<\/div>\n<\/div><\/div>\n\n\n\n<div class=\"wp-block-group alignwide\"><div class=\"wp-block-group__inner-container is-layout-constrained wp-block-group-is-layout-constrained\">\n<hr class=\"wp-block-separator has-alpha-channel-opacity\"\/>\n<\/div><\/div>\n\n\n\n<div class=\"wp-block-group alignwide\"><div class=\"wp-block-group__inner-container is-layout-constrained wp-block-group-is-layout-constrained\">\n<div class=\"wp-block-columns alignwide are-vertically-aligned-center is-layout-flex wp-container-core-columns-is-layout-8f761849 wp-block-columns-is-layout-flex\">\n<div class=\"wp-block-column is-vertically-aligned-center is-layout-flow wp-block-column-is-layout-flow\">\n<div class=\"wp-block-group is-vertical is-content-justification-center is-layout-flex wp-container-core-group-is-layout-524f8de7 wp-block-group-is-layout-flex\">\n<p class=\"has-text-align-center wp-block-paragraph\"><strong>Tisseur Guy<\/strong> &#8211; <em>Sp\u00e9cialiste de l&rsquo;efficience manag\u00e9riale et de la relation commerciale.<\/em><\/p>\n\n\n\n<p class=\"has-text-align-left wp-block-paragraph\">\ud83d\udcde 06 46 23 04 63<\/p>\n\n\n\n<p class=\"has-text-align-left wp-block-paragraph\">\ud83d\udce7 g.tisseur@declic-comportement.fR<\/p>\n<\/div>\n<\/div>\n\n\n\n<div class=\"wp-block-column is-vertically-aligned-center is-layout-flow wp-block-column-is-layout-flow\">\n<p class=\"has-text-align-center wp-block-paragraph\">Suivez mon actualit\u00e9 sur Linkedin : <\/p>\n\n\n\n<ul class=\"wp-block-social-links has-large-icon-size is-content-justification-center is-layout-flex wp-container-core-social-links-is-layout-fe48e5de wp-block-social-links-is-layout-flex\"><li class=\"wp-social-link wp-social-link-linkedin  wp-block-social-link\"><a href=\"https:\/\/www.linkedin.com\/in\/guy-tisseur-positif-coach-et-formateur-d\u00e9clic-comportement-80b44b50\/\" class=\"wp-block-social-link-anchor\"><svg width=\"24\" height=\"24\" viewBox=\"0 0 24 24\" version=\"1.1\" xmlns=\"http:\/\/www.w3.org\/2000\/svg\" aria-hidden=\"true\" focusable=\"false\"><path d=\"M19.7,3H4.3C3.582,3,3,3.582,3,4.3v15.4C3,20.418,3.582,21,4.3,21h15.4c0.718,0,1.3-0.582,1.3-1.3V4.3 C21,3.582,20.418,3,19.7,3z M8.339,18.338H5.667v-8.59h2.672V18.338z M7.004,8.574c-0.857,0-1.549-0.694-1.549-1.548 c0-0.855,0.691-1.548,1.549-1.548c0.854,0,1.547,0.694,1.547,1.548C8.551,7.881,7.858,8.574,7.004,8.574z M18.339,18.338h-2.669 v-4.177c0-0.996-0.017-2.278-1.387-2.278c-1.389,0-1.601,1.086-1.601,2.206v4.249h-2.667v-8.59h2.559v1.174h0.037 c0.356-0.675,1.227-1.387,2.526-1.387c2.703,0,3.203,1.779,3.203,4.092V18.338z\"><\/path><\/svg><span class=\"wp-block-social-link-label screen-reader-text\">LinkedIn<\/span><\/a><\/li><\/ul>\n<\/div>\n<\/div>\n<\/div><\/div>\n\n\n\n<figure class=\"wp-block-image alignwide size-large\"><a href=\"https:\/\/declic-comportement.fr\/\"><img loading=\"lazy\" decoding=\"async\" width=\"1024\" height=\"61\" src=\"https:\/\/declic-comportement.fr\/wp-content\/uploads\/2023\/01\/Capture-decran-2022-10-06-a-22.07.20-1-1024x61.png\" alt=\"\" class=\"wp-image-32\" srcset=\"https:\/\/declic-comportement.fr\/wp-content\/uploads\/2023\/01\/Capture-decran-2022-10-06-a-22.07.20-1-1024x61.png 1024w, https:\/\/declic-comportement.fr\/wp-content\/uploads\/2023\/01\/Capture-decran-2022-10-06-a-22.07.20-1-300x18.png 300w, https:\/\/declic-comportement.fr\/wp-content\/uploads\/2023\/01\/Capture-decran-2022-10-06-a-22.07.20-1-768x46.png 768w, https:\/\/declic-comportement.fr\/wp-content\/uploads\/2023\/01\/Capture-decran-2022-10-06-a-22.07.20-1-1536x92.png 1536w, https:\/\/declic-comportement.fr\/wp-content\/uploads\/2023\/01\/Capture-decran-2022-10-06-a-22.07.20-1-540x32.png 540w, https:\/\/declic-comportement.fr\/wp-content\/uploads\/2023\/01\/Capture-decran-2022-10-06-a-22.07.20-1-1080x65.png 1080w, https:\/\/declic-comportement.fr\/wp-content\/uploads\/2023\/01\/Capture-decran-2022-10-06-a-22.07.20-1.png 1974w\" sizes=\"auto, (max-width: 1024px) 100vw, 1024px\" \/><\/a><\/figure>\n","protected":false},"excerpt":{"rendered":"<p>M\u00e9taNATURE&nbsp;; une m\u00e9thode d\u2019accompagnement des personnes dans la&nbsp;NATURE&nbsp;et surtout avec la&nbsp;NATURE&nbsp;! M\u00e9taNATURE\u00a0est une m\u00e9thode d\u2019accompagnement dans laquelle la nature est \u00e0 la fois un cadre (dimension immersive) et&hellip;<\/p>\n","protected":false},"author":1,"featured_media":0,"parent":0,"menu_order":0,"comment_status":"closed","ping_status":"closed","template":"","meta":{"_crdt_document":"","footnotes":""},"class_list":["post-28","page","type-page","status-publish","has-post-thumbnail","hentry"],"yoast_head":"<!-- This site is optimized with the Yoast SEO plugin v27.5 - https:\/\/yoast.com\/product\/yoast-seo-wordpress\/ -->\n<title>CERTIFICATION M\u00c9TANATURE - D\u00e9clic comportement<\/title>\n<meta name=\"description\" content=\"M\u00e9taNATURE, une m\u00e9thode d\u2019accompagnement des personnes dans la\u00a0NATURE\u00a0et surtout avec la\u00a0NATURE\u00a0! Venez d\u00e9couvrir cette certification !\" \/>\n<meta name=\"robots\" content=\"index, follow, max-snippet:-1, max-image-preview:large, max-video-preview:-1\" \/>\n<link rel=\"canonical\" href=\"https:\/\/declic-comportement.fr\/?page_id=28\" \/>\n<meta property=\"og:locale\" content=\"fr_FR\" \/>\n<meta property=\"og:type\" content=\"article\" \/>\n<meta property=\"og:title\" content=\"CERTIFICATION M\u00c9TANATURE - D\u00e9clic comportement\" \/>\n<meta property=\"og:description\" content=\"M\u00e9taNATURE, une m\u00e9thode d\u2019accompagnement des personnes dans la\u00a0NATURE\u00a0et surtout avec la\u00a0NATURE\u00a0! Venez d\u00e9couvrir cette certification !\" \/>\n<meta property=\"og:url\" content=\"https:\/\/declic-comportement.fr\/?page_id=28\" \/>\n<meta property=\"og:site_name\" content=\"D\u00e9clic comportement\" \/>\n<meta property=\"article:modified_time\" content=\"2023-01-11T12:45:50+00:00\" \/>\n<meta property=\"og:image\" content=\"http:\/\/declic-comportement.fr\/wp-content\/uploads\/2023\/01\/Capture-decran-2022-10-06-a-22.07.20-1-1024x61.png\" \/>\n<meta name=\"twitter:card\" content=\"summary_large_image\" \/>\n<meta name=\"twitter:label1\" content=\"Dur\u00e9e de lecture estim\u00e9e\" \/>\n\t<meta name=\"twitter:data1\" content=\"1 minute\" \/>\n<script type=\"application\/ld+json\" class=\"yoast-schema-graph\">{\"@context\":\"https:\\\/\\\/schema.org\",\"@graph\":[{\"@type\":\"WebPage\",\"@id\":\"https:\\\/\\\/declic-comportement.fr\\\/?page_id=28\",\"url\":\"https:\\\/\\\/declic-comportement.fr\\\/?page_id=28\",\"name\":\"CERTIFICATION M\u00c9TANATURE - D\u00e9clic comportement\",\"isPartOf\":{\"@id\":\"https:\\\/\\\/declic-comportement.fr\\\/#website\"},\"primaryImageOfPage\":{\"@id\":\"https:\\\/\\\/declic-comportement.fr\\\/?page_id=28#primaryimage\"},\"image\":{\"@id\":\"https:\\\/\\\/declic-comportement.fr\\\/?page_id=28#primaryimage\"},\"thumbnailUrl\":\"http:\\\/\\\/declic-comportement.fr\\\/wp-content\\\/uploads\\\/2023\\\/01\\\/Capture-decran-2022-10-06-a-22.07.20-1-1024x61.png\",\"datePublished\":\"2023-01-09T20:38:08+00:00\",\"dateModified\":\"2023-01-11T12:45:50+00:00\",\"description\":\"M\u00e9taNATURE, une m\u00e9thode d\u2019accompagnement des personnes dans la\u00a0NATURE\u00a0et surtout avec la\u00a0NATURE\u00a0! Venez d\u00e9couvrir cette certification !\",\"breadcrumb\":{\"@id\":\"https:\\\/\\\/declic-comportement.fr\\\/?page_id=28#breadcrumb\"},\"inLanguage\":\"fr-FR\",\"potentialAction\":[{\"@type\":\"ReadAction\",\"target\":[\"https:\\\/\\\/declic-comportement.fr\\\/?page_id=28\"]}]},{\"@type\":\"ImageObject\",\"inLanguage\":\"fr-FR\",\"@id\":\"https:\\\/\\\/declic-comportement.fr\\\/?page_id=28#primaryimage\",\"url\":\"http:\\\/\\\/declic-comportement.fr\\\/wp-content\\\/uploads\\\/2023\\\/01\\\/Capture-decran-2022-10-06-a-22.07.20-1-1024x61.png\",\"contentUrl\":\"http:\\\/\\\/declic-comportement.fr\\\/wp-content\\\/uploads\\\/2023\\\/01\\\/Capture-decran-2022-10-06-a-22.07.20-1-1024x61.png\"},{\"@type\":\"BreadcrumbList\",\"@id\":\"https:\\\/\\\/declic-comportement.fr\\\/?page_id=28#breadcrumb\",\"itemListElement\":[{\"@type\":\"ListItem\",\"position\":1,\"name\":\"Accueil\",\"item\":\"https:\\\/\\\/declic-comportement.fr\\\/\"},{\"@type\":\"ListItem\",\"position\":2,\"name\":\"CERTIFICATION M\u00c9TANATURE\"}]},{\"@type\":\"WebSite\",\"@id\":\"https:\\\/\\\/declic-comportement.fr\\\/#website\",\"url\":\"https:\\\/\\\/declic-comportement.fr\\\/\",\"name\":\"D\u00e9clic comportement\",\"description\":\"Positif coach et formateur\",\"publisher\":{\"@id\":\"https:\\\/\\\/declic-comportement.fr\\\/#organization\"},\"potentialAction\":[{\"@type\":\"SearchAction\",\"target\":{\"@type\":\"EntryPoint\",\"urlTemplate\":\"https:\\\/\\\/declic-comportement.fr\\\/?s={search_term_string}\"},\"query-input\":{\"@type\":\"PropertyValueSpecification\",\"valueRequired\":true,\"valueName\":\"search_term_string\"}}],\"inLanguage\":\"fr-FR\"},{\"@type\":\"Organization\",\"@id\":\"https:\\\/\\\/declic-comportement.fr\\\/#organization\",\"name\":\"D\u00e9clic comportement\",\"url\":\"https:\\\/\\\/declic-comportement.fr\\\/\",\"logo\":{\"@type\":\"ImageObject\",\"inLanguage\":\"fr-FR\",\"@id\":\"https:\\\/\\\/declic-comportement.fr\\\/#\\\/schema\\\/logo\\\/image\\\/\",\"url\":\"https:\\\/\\\/declic-comportement.fr\\\/wp-content\\\/uploads\\\/2023\\\/01\\\/cropped-Capture-decran-2022-10-06-a-23.12.04.png\",\"contentUrl\":\"https:\\\/\\\/declic-comportement.fr\\\/wp-content\\\/uploads\\\/2023\\\/01\\\/cropped-Capture-decran-2022-10-06-a-23.12.04.png\",\"width\":801,\"height\":476,\"caption\":\"D\u00e9clic comportement\"},\"image\":{\"@id\":\"https:\\\/\\\/declic-comportement.fr\\\/#\\\/schema\\\/logo\\\/image\\\/\"}}]}<\/script>\n<!-- \/ Yoast SEO plugin. -->","yoast_head_json":{"title":"CERTIFICATION M\u00c9TANATURE - D\u00e9clic comportement","description":"M\u00e9taNATURE, une m\u00e9thode d\u2019accompagnement des personnes dans la\u00a0NATURE\u00a0et surtout avec la\u00a0NATURE\u00a0! Venez d\u00e9couvrir cette certification !","robots":{"index":"index","follow":"follow","max-snippet":"max-snippet:-1","max-image-preview":"max-image-preview:large","max-video-preview":"max-video-preview:-1"},"canonical":"https:\/\/declic-comportement.fr\/?page_id=28","og_locale":"fr_FR","og_type":"article","og_title":"CERTIFICATION M\u00c9TANATURE - D\u00e9clic comportement","og_description":"M\u00e9taNATURE, une m\u00e9thode d\u2019accompagnement des personnes dans la\u00a0NATURE\u00a0et surtout avec la\u00a0NATURE\u00a0! Venez d\u00e9couvrir cette certification !","og_url":"https:\/\/declic-comportement.fr\/?page_id=28","og_site_name":"D\u00e9clic comportement","article_modified_time":"2023-01-11T12:45:50+00:00","og_image":[{"url":"http:\/\/declic-comportement.fr\/wp-content\/uploads\/2023\/01\/Capture-decran-2022-10-06-a-22.07.20-1-1024x61.png","type":"","width":"","height":""}],"twitter_card":"summary_large_image","twitter_misc":{"Dur\u00e9e de lecture estim\u00e9e":"1 minute"},"schema":{"@context":"https:\/\/schema.org","@graph":[{"@type":"WebPage","@id":"https:\/\/declic-comportement.fr\/?page_id=28","url":"https:\/\/declic-comportement.fr\/?page_id=28","name":"CERTIFICATION M\u00c9TANATURE - D\u00e9clic comportement","isPartOf":{"@id":"https:\/\/declic-comportement.fr\/#website"},"primaryImageOfPage":{"@id":"https:\/\/declic-comportement.fr\/?page_id=28#primaryimage"},"image":{"@id":"https:\/\/declic-comportement.fr\/?page_id=28#primaryimage"},"thumbnailUrl":"http:\/\/declic-comportement.fr\/wp-content\/uploads\/2023\/01\/Capture-decran-2022-10-06-a-22.07.20-1-1024x61.png","datePublished":"2023-01-09T20:38:08+00:00","dateModified":"2023-01-11T12:45:50+00:00","description":"M\u00e9taNATURE, une m\u00e9thode d\u2019accompagnement des personnes dans la\u00a0NATURE\u00a0et surtout avec la\u00a0NATURE\u00a0! Venez d\u00e9couvrir cette certification !","breadcrumb":{"@id":"https:\/\/declic-comportement.fr\/?page_id=28#breadcrumb"},"inLanguage":"fr-FR","potentialAction":[{"@type":"ReadAction","target":["https:\/\/declic-comportement.fr\/?page_id=28"]}]},{"@type":"ImageObject","inLanguage":"fr-FR","@id":"https:\/\/declic-comportement.fr\/?page_id=28#primaryimage","url":"http:\/\/declic-comportement.fr\/wp-content\/uploads\/2023\/01\/Capture-decran-2022-10-06-a-22.07.20-1-1024x61.png","contentUrl":"http:\/\/declic-comportement.fr\/wp-content\/uploads\/2023\/01\/Capture-decran-2022-10-06-a-22.07.20-1-1024x61.png"},{"@type":"BreadcrumbList","@id":"https:\/\/declic-comportement.fr\/?page_id=28#breadcrumb","itemListElement":[{"@type":"ListItem","position":1,"name":"Accueil","item":"https:\/\/declic-comportement.fr\/"},{"@type":"ListItem","position":2,"name":"CERTIFICATION M\u00c9TANATURE"}]},{"@type":"WebSite","@id":"https:\/\/declic-comportement.fr\/#website","url":"https:\/\/declic-comportement.fr\/","name":"D\u00e9clic comportement","description":"Positif coach et formateur","publisher":{"@id":"https:\/\/declic-comportement.fr\/#organization"},"potentialAction":[{"@type":"SearchAction","target":{"@type":"EntryPoint","urlTemplate":"https:\/\/declic-comportement.fr\/?s={search_term_string}"},"query-input":{"@type":"PropertyValueSpecification","valueRequired":true,"valueName":"search_term_string"}}],"inLanguage":"fr-FR"},{"@type":"Organization","@id":"https:\/\/declic-comportement.fr\/#organization","name":"D\u00e9clic comportement","url":"https:\/\/declic-comportement.fr\/","logo":{"@type":"ImageObject","inLanguage":"fr-FR","@id":"https:\/\/declic-comportement.fr\/#\/schema\/logo\/image\/","url":"https:\/\/declic-comportement.fr\/wp-content\/uploads\/2023\/01\/cropped-Capture-decran-2022-10-06-a-23.12.04.png","contentUrl":"https:\/\/declic-comportement.fr\/wp-content\/uploads\/2023\/01\/cropped-Capture-decran-2022-10-06-a-23.12.04.png","width":801,"height":476,"caption":"D\u00e9clic comportement"},"image":{"@id":"https:\/\/declic-comportement.fr\/#\/schema\/logo\/image\/"}}]}},"_links":{"self":[{"href":"https:\/\/declic-comportement.fr\/index.php?rest_route=\/wp\/v2\/pages\/28","targetHints":{"allow":["GET"]}}],"collection":[{"href":"https:\/\/declic-comportement.fr\/index.php?rest_route=\/wp\/v2\/pages"}],"about":[{"href":"https:\/\/declic-comportement.fr\/index.php?rest_route=\/wp\/v2\/types\/page"}],"author":[{"embeddable":true,"href":"https:\/\/declic-comportement.fr\/index.php?rest_route=\/wp\/v2\/users\/1"}],"replies":[{"embeddable":true,"href":"https:\/\/declic-comportement.fr\/index.php?rest_route=%2Fwp%2Fv2%2Fcomments&post=28"}],"version-history":[{"count":9,"href":"https:\/\/declic-comportement.fr\/index.php?rest_route=\/wp\/v2\/pages\/28\/revisions"}],"predecessor-version":[{"id":156,"href":"https:\/\/declic-comportement.fr\/index.php?rest_route=\/wp\/v2\/pages\/28\/revisions\/156"}],"wp:attachment":[{"href":"https:\/\/declic-comportement.fr\/index.php?rest_route=%2Fwp%2Fv2%2Fmedia&parent=28"}],"curies":[{"name":"wp","href":"https:\/\/api.w.org\/{rel}","templated":true}]}}