{"id":3,"date":"2023-01-05T22:35:28","date_gmt":"2023-01-05T21:35:28","guid":{"rendered":"http:\/\/declic-comportement.fr\/?page_id=3"},"modified":"2023-01-11T21:36:10","modified_gmt":"2023-01-11T20:36:10","slug":"politique-de-confidentialite","status":"publish","type":"page","link":"https:\/\/declic-comportement.fr\/?page_id=3","title":{"rendered":"Politique de confidentialit\u00e9"},"content":{"rendered":"\n<div class=\"wp-block-group alignwide\"><div class=\"wp-block-group__inner-container is-layout-constrained wp-block-group-is-layout-constrained\">\n<h2 class=\"wp-block-heading\">Qui sommes-nous&nbsp;?<\/h2>\n\n\n\n<p class=\"wp-block-paragraph\">Je suis TISSEUR GUY, cr\u00e9ateur et g\u00e9rant de la soci\u00e9t\u00e9 DECLIC COMPORTEMENT. <\/p>\n\n\n\n<p class=\"wp-block-paragraph\">L\u2019adresse de notre site est&nbsp;: https:\/\/declic-comportement.fr.<\/p>\n\n\n\n<h2 class=\"wp-block-heading\"><strong>GESTION DES DONN\u00c9ES PERSONNELLES ET POLITIQUE DE CONFIDENTIALIT\u00c9<\/strong><\/h2>\n\n\n\n<p class=\"wp-block-paragraph\">En France, les donn\u00e9es personnelles sont notamment prot\u00e9g\u00e9es par la loi n\u00b0 78-87 du 6 janvier 1978, la loi n\u00b0 2004-801 du 6 ao\u00fbt 2004, l\u2019article L. 226-13 du Code p\u00e9nal et la Directive Europ\u00e9enne du 24 octobre 1995.<br>A l\u2019occasion de l\u2019utilisation du site\u00a0\u200b<a href=\"https:\/\/declic-comportement.fr\">www.monsite.com\u200b<\/a>, peuvent \u00eatre recueillies : l\u2019URL des liens par l\u2019interm\u00e9diaire desquels l\u2019utilisateur a acc\u00e9d\u00e9 ausite <a href=\"https:\/\/declic-comportement.fr\">w\u200bww.monsite.com<\/a>,\u200b le fournisseur d\u2019acc\u00e8s de l\u2019utilisateur, l\u2019adresse de protocole Internet (IP) de l\u2019utilisateur.<\/p>\n\n\n\n<p class=\"wp-block-paragraph\">En tout \u00e9tat de cause&nbsp;\u200bM TISSEUR GUY&nbsp;\u200bne collecte des informations personnelles relatives \u00e0 l\u2019utilisateur que pour le besoin de certains services propos\u00e9s par le <a href=\"https:\/\/declic-comportement.fr\">sitew\u200bww.monsite.com<\/a>. L\u2019utilisateur fournit ces informations en toute connaissance de cause, notamment lorsqu\u2019il proc\u00e8de par lui-m\u00eame \u00e0 leur saisie. Il est alors pr\u00e9cis\u00e9 \u00e0 l\u2019utilisateur du site&nbsp;\u200b<a href=\"https:\/\/declic-comportement.fr\">www.monsite.com\u200b<\/a>&nbsp;l\u2019obligation ou non de fournir ces informations.<\/p>\n\n\n\n<p class=\"wp-block-paragraph\">Le site n\u2019est pas d\u00e9clar\u00e9 \u00e0 la CNIL car il ne recueille pas d\u2019informations personnelles.<\/p>\n\n\n\n<h2 class=\"wp-block-heading\"><strong>FORMULAIRE DE CONTACT<\/strong><\/h2>\n\n\n\n<p class=\"wp-block-paragraph\">Les informations recueillies sur le formulaire de contact du site internet <a href=\"https:\/\/declic-comportement.fr\">w\u200bww.monsite.com<\/a>\u00a0sont envoy\u00e9es par e-mail pour r\u00e9aliser des propositions commerciales relatives aux services de\u200b\u00a0GUY TISSEUR.<br>Ces informations sont envoy\u00e9es par le protocole https sous un certificat SSL permettant de prot\u00e9ger les informations lors de leur envoi. Elles sont conserv\u00e9es pendant 1 an et sont destin\u00e9es \u00e0\u00a0M\u200b\u00a0Guy TISSEUR propri\u00e9taire du site.<\/p>\n\n\n\n<p class=\"wp-block-paragraph\">En envoyant le formulaire vous consentez \u00e0 ce que nous collections et traitions vos donn\u00e9es personnelles dans le cadre pr\u00e9cis de votre demande de renseignements et de la relation commerciale qui pourrait en d\u00e9couler.\u00a0<\/p>\n\n\n\n<p class=\"wp-block-paragraph\">La base l\u00e9gale du traitement est le consentement, recueilli, libre, clair et sans \u00e9quivoque conform\u00e9ment aux conditions applicables qui sont d\u00e9finies aux articles 4 et 7 du RGPD.\u00a0<\/p>\n\n\n\n<p class=\"wp-block-paragraph\"><br>Ces donn\u00e9es sont les suivantes : <\/p>\n\n\n\n<ul class=\"wp-block-list\">\n<li>Nom et pr\u00e9nom <\/li>\n\n\n\n<li>Adresse e-mail <\/li>\n\n\n\n<li>Message libre dan lequel d&rsquo;autres donn\u00e9es personnelles pourraient \u00eatre renseign\u00e9es par l&rsquo;utilisateur<\/li>\n<\/ul>\n\n\n\n<p class=\"wp-block-paragraph\">Les donn\u00e9es fournies sont uniquement stock\u00e9es sur la boite e-mail de\u00a0TISSEUR GUY via les formulaires du site\u200b, ainsi que dans un fichier Excel sur l\u2019ordinateur de\u00a0\u200bGuy TISSEUR. Les appareils o\u00f9 ces donn\u00e9es sont accessibles (t\u00e9l\u00e9phones mobiles et ordinateurs) sont prot\u00e9g\u00e9s par un mot de passe.<\/p>\n\n\n\n<p class=\"wp-block-paragraph\">Dans tous les cas, l\u2019utilisateur peut refuser de fournir ses donn\u00e9es personnelles. <\/p>\n\n\n\n<p class=\"wp-block-paragraph\">Conform\u00e9ment \u00e0 la loi \u00ab informatique et libert\u00e9s \u00bb, tout utilisateur dispose d\u2019un droit d\u2019acc\u00e8s, de rectification et d\u2019opposition aux donn\u00e9es personnelles le concernant en contactant :&nbsp;M GUY TISSEUR sur son mail, t\u00e9l\u00e9phone, \u00e9cris en bas du site. <\/p>\n\n\n\n<p class=\"wp-block-paragraph\">Aucune information personnelle de l\u2019utilisateur du site&nbsp;\u200b<a href=\"https:\/\/declic-comportement.fr\">www.monsite.com\u200b<\/a>n\u2019est publi\u00e9e \u00e0 l\u2019insu de l\u2019utilisateur, \u00e9chang\u00e9e, transf\u00e9r\u00e9e, c\u00e9d\u00e9e ou vendue sur un support quelconque \u00e0 des tiers. <\/p>\n\n\n\n<h2 class=\"wp-block-heading\"><strong>LES COOKIES<\/strong><\/h2>\n\n\n\n<p class=\"wp-block-paragraph\">La navigation sur le site https:\/\/declic-comportement.fr est susceptible de provoquer l\u2019installation de cookie(s) sur l\u2019ordinateur de l\u2019utilisateur. Un cookie est un fichier de petite taille, qui ne permet pas l\u2019identification de l\u2019utilisateur, mais qui enregistre des informations relatives \u00e0 la navigation d\u2019un ordinateur sur un site. Nous collectons ainsi de mani\u00e8re automatique certaines informations vous concernant lors d\u2019une simple navigation sur notre site Internet, notamment : des informations concernant l\u2019utilisation de notre site, comme les zones que vous visitez et les services auxquels vous acc\u00e9dez, votre adresse IP, le type de votre navigateur, vos temps d\u2019acc\u00e8s. <\/p>\n\n\n\n<p class=\"wp-block-paragraph\">De telles informations sont utilis\u00e9es exclusivement \u00e0 des fins de statistiques internes et de s\u00e9curit\u00e9 du site\u00a0\u200bD\u00e9clic comportement, ou pour am\u00e9liorer la qualit\u00e9 des services qui vous sont propos\u00e9s. Les bases de donn\u00e9es sont prot\u00e9g\u00e9es par les dispositions de la loi du 1er juillet 1998 transposant la directive 96\/9 du 11 mars 1996 relative \u00e0 la protection juridique des bases de donn\u00e9es.<\/p>\n\n\n\n<h2 class=\"wp-block-heading\"><strong>DROIT APPLICABLE ET ATTRIBUTION DE JURIDICTION<\/strong><\/h2>\n\n\n\n<p class=\"wp-block-paragraph\">Tout litige en relation avec l\u2019utilisation du site&nbsp;\u200bwww.declic-comportement.fr&nbsp;est soumis au droit fran\u00e7ais. Il est fait attribution exclusive de juridiction aux tribunaux comp\u00e9tents de Paris.<\/p>\n\n\n\n<h2 class=\"wp-block-heading\"><strong>LES PRINCIPALES LOIS CONCERN\u00c9ES<\/strong><\/h2>\n\n\n\n<p class=\"wp-block-paragraph\">Loi n\u00b0 78-17 du 6 janvier 1978, notamment modifi\u00e9e par la loi n\u00b0 2004-801 du 6 ao\u00fbt 2004 relative \u00e0 l\u2019informatique, aux fichiers et aux libert\u00e9s.<br>Loi n\u00b0 2004-575 du 21 juin 2004 pour la confiance dans l\u2019\u00e9conomie num\u00e9rique.<\/p>\n\n\n\n<h2 class=\"wp-block-heading\"><strong>LEXIQUE<\/strong><\/h2>\n\n\n\n<p class=\"wp-block-paragraph\">Utilisateur : Internaute se connectant, utilisant le site susnomm\u00e9.<br>Informations personnelles : \u00ab les informations qui permettent, sous quelque forme que ce soit, directement ou non, l\u2019identification des personnes physiques auxquelles elles s\u2019appliquent \u00bb (article 4 de la loi n\u00b0 78-17 du 6 janvier 1978).<\/p>\n<\/div><\/div>\n","protected":false},"excerpt":{"rendered":"<p>Qui sommes-nous&nbsp;? Je suis TISSEUR GUY, cr\u00e9ateur et g\u00e9rant de la soci\u00e9t\u00e9 DECLIC COMPORTEMENT. L\u2019adresse de notre site est&nbsp;: https:\/\/declic-comportement.fr. GESTION DES DONN\u00c9ES PERSONNELLES ET POLITIQUE DE CONFIDENTIALIT\u00c9&hellip;<\/p>\n","protected":false},"author":1,"featured_media":0,"parent":0,"menu_order":0,"comment_status":"closed","ping_status":"open","template":"","meta":{"_crdt_document":"","footnotes":""},"class_list":["post-3","page","type-page","status-publish","has-post-thumbnail","hentry"],"yoast_head":"<!-- This site is optimized with the Yoast SEO plugin v27.5 - https:\/\/yoast.com\/product\/yoast-seo-wordpress\/ -->\n<title>Politique de confidentialit\u00e9 - D\u00e9clic comportement<\/title>\n<meta name=\"robots\" content=\"index, follow, max-snippet:-1, max-image-preview:large, max-video-preview:-1\" \/>\n<link rel=\"canonical\" href=\"https:\/\/declic-comportement.fr\/?page_id=3\" \/>\n<meta property=\"og:locale\" content=\"fr_FR\" \/>\n<meta property=\"og:type\" content=\"article\" \/>\n<meta property=\"og:title\" content=\"Politique de confidentialit\u00e9 - D\u00e9clic comportement\" \/>\n<meta property=\"og:description\" content=\"Qui sommes-nous&nbsp;? Je suis TISSEUR GUY, cr\u00e9ateur et g\u00e9rant de la soci\u00e9t\u00e9 DECLIC COMPORTEMENT. L\u2019adresse de notre site est&nbsp;: https:\/\/declic-comportement.fr. GESTION DES DONN\u00c9ES PERSONNELLES ET POLITIQUE DE CONFIDENTIALIT\u00c9&hellip;\" \/>\n<meta property=\"og:url\" content=\"https:\/\/declic-comportement.fr\/?page_id=3\" \/>\n<meta property=\"og:site_name\" content=\"D\u00e9clic comportement\" \/>\n<meta property=\"article:modified_time\" content=\"2023-01-11T20:36:10+00:00\" \/>\n<meta name=\"twitter:card\" content=\"summary_large_image\" \/>\n<meta name=\"twitter:label1\" content=\"Dur\u00e9e de lecture estim\u00e9e\" \/>\n\t<meta name=\"twitter:data1\" content=\"4 minutes\" \/>\n<script type=\"application\/ld+json\" class=\"yoast-schema-graph\">{\"@context\":\"https:\\\/\\\/schema.org\",\"@graph\":[{\"@type\":\"WebPage\",\"@id\":\"https:\\\/\\\/declic-comportement.fr\\\/?page_id=3\",\"url\":\"https:\\\/\\\/declic-comportement.fr\\\/?page_id=3\",\"name\":\"Politique de confidentialit\u00e9 - D\u00e9clic comportement\",\"isPartOf\":{\"@id\":\"https:\\\/\\\/declic-comportement.fr\\\/#website\"},\"datePublished\":\"2023-01-05T21:35:28+00:00\",\"dateModified\":\"2023-01-11T20:36:10+00:00\",\"breadcrumb\":{\"@id\":\"https:\\\/\\\/declic-comportement.fr\\\/?page_id=3#breadcrumb\"},\"inLanguage\":\"fr-FR\",\"potentialAction\":[{\"@type\":\"ReadAction\",\"target\":[\"https:\\\/\\\/declic-comportement.fr\\\/?page_id=3\"]}]},{\"@type\":\"BreadcrumbList\",\"@id\":\"https:\\\/\\\/declic-comportement.fr\\\/?page_id=3#breadcrumb\",\"itemListElement\":[{\"@type\":\"ListItem\",\"position\":1,\"name\":\"Accueil\",\"item\":\"https:\\\/\\\/declic-comportement.fr\\\/\"},{\"@type\":\"ListItem\",\"position\":2,\"name\":\"Politique de confidentialit\u00e9\"}]},{\"@type\":\"WebSite\",\"@id\":\"https:\\\/\\\/declic-comportement.fr\\\/#website\",\"url\":\"https:\\\/\\\/declic-comportement.fr\\\/\",\"name\":\"D\u00e9clic comportement\",\"description\":\"Positif coach et formateur\",\"publisher\":{\"@id\":\"https:\\\/\\\/declic-comportement.fr\\\/#organization\"},\"potentialAction\":[{\"@type\":\"SearchAction\",\"target\":{\"@type\":\"EntryPoint\",\"urlTemplate\":\"https:\\\/\\\/declic-comportement.fr\\\/?s={search_term_string}\"},\"query-input\":{\"@type\":\"PropertyValueSpecification\",\"valueRequired\":true,\"valueName\":\"search_term_string\"}}],\"inLanguage\":\"fr-FR\"},{\"@type\":\"Organization\",\"@id\":\"https:\\\/\\\/declic-comportement.fr\\\/#organization\",\"name\":\"D\u00e9clic comportement\",\"url\":\"https:\\\/\\\/declic-comportement.fr\\\/\",\"logo\":{\"@type\":\"ImageObject\",\"inLanguage\":\"fr-FR\",\"@id\":\"https:\\\/\\\/declic-comportement.fr\\\/#\\\/schema\\\/logo\\\/image\\\/\",\"url\":\"https:\\\/\\\/declic-comportement.fr\\\/wp-content\\\/uploads\\\/2023\\\/01\\\/cropped-Capture-decran-2022-10-06-a-23.12.04.png\",\"contentUrl\":\"https:\\\/\\\/declic-comportement.fr\\\/wp-content\\\/uploads\\\/2023\\\/01\\\/cropped-Capture-decran-2022-10-06-a-23.12.04.png\",\"width\":801,\"height\":476,\"caption\":\"D\u00e9clic comportement\"},\"image\":{\"@id\":\"https:\\\/\\\/declic-comportement.fr\\\/#\\\/schema\\\/logo\\\/image\\\/\"}}]}<\/script>\n<!-- \/ Yoast SEO plugin. -->","yoast_head_json":{"title":"Politique de confidentialit\u00e9 - D\u00e9clic comportement","robots":{"index":"index","follow":"follow","max-snippet":"max-snippet:-1","max-image-preview":"max-image-preview:large","max-video-preview":"max-video-preview:-1"},"canonical":"https:\/\/declic-comportement.fr\/?page_id=3","og_locale":"fr_FR","og_type":"article","og_title":"Politique de confidentialit\u00e9 - D\u00e9clic comportement","og_description":"Qui sommes-nous&nbsp;? Je suis TISSEUR GUY, cr\u00e9ateur et g\u00e9rant de la soci\u00e9t\u00e9 DECLIC COMPORTEMENT. L\u2019adresse de notre site est&nbsp;: https:\/\/declic-comportement.fr. GESTION DES DONN\u00c9ES PERSONNELLES ET POLITIQUE DE CONFIDENTIALIT\u00c9&hellip;","og_url":"https:\/\/declic-comportement.fr\/?page_id=3","og_site_name":"D\u00e9clic comportement","article_modified_time":"2023-01-11T20:36:10+00:00","twitter_card":"summary_large_image","twitter_misc":{"Dur\u00e9e de lecture estim\u00e9e":"4 minutes"},"schema":{"@context":"https:\/\/schema.org","@graph":[{"@type":"WebPage","@id":"https:\/\/declic-comportement.fr\/?page_id=3","url":"https:\/\/declic-comportement.fr\/?page_id=3","name":"Politique de confidentialit\u00e9 - D\u00e9clic comportement","isPartOf":{"@id":"https:\/\/declic-comportement.fr\/#website"},"datePublished":"2023-01-05T21:35:28+00:00","dateModified":"2023-01-11T20:36:10+00:00","breadcrumb":{"@id":"https:\/\/declic-comportement.fr\/?page_id=3#breadcrumb"},"inLanguage":"fr-FR","potentialAction":[{"@type":"ReadAction","target":["https:\/\/declic-comportement.fr\/?page_id=3"]}]},{"@type":"BreadcrumbList","@id":"https:\/\/declic-comportement.fr\/?page_id=3#breadcrumb","itemListElement":[{"@type":"ListItem","position":1,"name":"Accueil","item":"https:\/\/declic-comportement.fr\/"},{"@type":"ListItem","position":2,"name":"Politique de confidentialit\u00e9"}]},{"@type":"WebSite","@id":"https:\/\/declic-comportement.fr\/#website","url":"https:\/\/declic-comportement.fr\/","name":"D\u00e9clic comportement","description":"Positif coach et formateur","publisher":{"@id":"https:\/\/declic-comportement.fr\/#organization"},"potentialAction":[{"@type":"SearchAction","target":{"@type":"EntryPoint","urlTemplate":"https:\/\/declic-comportement.fr\/?s={search_term_string}"},"query-input":{"@type":"PropertyValueSpecification","valueRequired":true,"valueName":"search_term_string"}}],"inLanguage":"fr-FR"},{"@type":"Organization","@id":"https:\/\/declic-comportement.fr\/#organization","name":"D\u00e9clic comportement","url":"https:\/\/declic-comportement.fr\/","logo":{"@type":"ImageObject","inLanguage":"fr-FR","@id":"https:\/\/declic-comportement.fr\/#\/schema\/logo\/image\/","url":"https:\/\/declic-comportement.fr\/wp-content\/uploads\/2023\/01\/cropped-Capture-decran-2022-10-06-a-23.12.04.png","contentUrl":"https:\/\/declic-comportement.fr\/wp-content\/uploads\/2023\/01\/cropped-Capture-decran-2022-10-06-a-23.12.04.png","width":801,"height":476,"caption":"D\u00e9clic comportement"},"image":{"@id":"https:\/\/declic-comportement.fr\/#\/schema\/logo\/image\/"}}]}},"_links":{"self":[{"href":"https:\/\/declic-comportement.fr\/index.php?rest_route=\/wp\/v2\/pages\/3","targetHints":{"allow":["GET"]}}],"collection":[{"href":"https:\/\/declic-comportement.fr\/index.php?rest_route=\/wp\/v2\/pages"}],"about":[{"href":"https:\/\/declic-comportement.fr\/index.php?rest_route=\/wp\/v2\/types\/page"}],"author":[{"embeddable":true,"href":"https:\/\/declic-comportement.fr\/index.php?rest_route=\/wp\/v2\/users\/1"}],"replies":[{"embeddable":true,"href":"https:\/\/declic-comportement.fr\/index.php?rest_route=%2Fwp%2Fv2%2Fcomments&post=3"}],"version-history":[{"count":6,"href":"https:\/\/declic-comportement.fr\/index.php?rest_route=\/wp\/v2\/pages\/3\/revisions"}],"predecessor-version":[{"id":197,"href":"https:\/\/declic-comportement.fr\/index.php?rest_route=\/wp\/v2\/pages\/3\/revisions\/197"}],"wp:attachment":[{"href":"https:\/\/declic-comportement.fr\/index.php?rest_route=%2Fwp%2Fv2%2Fmedia&parent=3"}],"curies":[{"name":"wp","href":"https:\/\/api.w.org\/{rel}","templated":true}]}}