{"id":34,"date":"2023-01-09T21:43:58","date_gmt":"2023-01-09T20:43:58","guid":{"rendered":"http:\/\/declic-comportement.fr\/?page_id=34"},"modified":"2024-05-22T22:01:57","modified_gmt":"2024-05-22T20:01:57","slug":"manager-avec-efficacite-et-bienveillance","status":"publish","type":"page","link":"https:\/\/declic-comportement.fr\/?page_id=34","title":{"rendered":"MANAGER\u00a0AVEC EFFICACIT\u00c9 ET BIENVEILLANCE"},"content":{"rendered":"\n<div class=\"wp-block-group alignfull\"><div class=\"wp-block-group__inner-container is-layout-constrained wp-block-group-is-layout-constrained\">\n<div class=\"wp-block-cover alignfull\" style=\"min-height:235px;aspect-ratio:unset;\"><span aria-hidden=\"true\" class=\"wp-block-cover__background has-background-dim-60 has-background-dim\"><\/span><img loading=\"lazy\" decoding=\"async\" width=\"2048\" height=\"1268\" class=\"wp-block-cover__image-background wp-image-174\" alt=\"\" src=\"https:\/\/declic-comportement.fr\/wp-content\/uploads\/2023\/01\/guy-guy-2048x1268-1.jpeg\" style=\"object-position:49% 35%\" data-object-fit=\"cover\" data-object-position=\"49% 35%\" srcset=\"https:\/\/declic-comportement.fr\/wp-content\/uploads\/2023\/01\/guy-guy-2048x1268-1.jpeg 2048w, https:\/\/declic-comportement.fr\/wp-content\/uploads\/2023\/01\/guy-guy-2048x1268-1-300x186.jpeg 300w, https:\/\/declic-comportement.fr\/wp-content\/uploads\/2023\/01\/guy-guy-2048x1268-1-1024x634.jpeg 1024w, https:\/\/declic-comportement.fr\/wp-content\/uploads\/2023\/01\/guy-guy-2048x1268-1-768x476.jpeg 768w, https:\/\/declic-comportement.fr\/wp-content\/uploads\/2023\/01\/guy-guy-2048x1268-1-1536x951.jpeg 1536w, https:\/\/declic-comportement.fr\/wp-content\/uploads\/2023\/01\/guy-guy-2048x1268-1-1120x693.jpeg 1120w, https:\/\/declic-comportement.fr\/wp-content\/uploads\/2023\/01\/guy-guy-2048x1268-1-540x334.jpeg 540w, https:\/\/declic-comportement.fr\/wp-content\/uploads\/2023\/01\/guy-guy-2048x1268-1-1080x669.jpeg 1080w, https:\/\/declic-comportement.fr\/wp-content\/uploads\/2023\/01\/guy-guy-2048x1268-1-1980x1226.jpeg 1980w\" sizes=\"auto, (max-width: 2048px) 100vw, 2048px\" \/><div class=\"wp-block-cover__inner-container is-layout-flow wp-block-cover-is-layout-flow\">\n<p class=\"has-text-align-center has-larger-font-size wp-block-paragraph\"><em><strong>SAVOIR MOBILISER LE MEILLEUR DE VOS COLLABORATEURS PAR UN MEILLEUR SAVOIR-\u00caTRE !<\/strong><\/em><\/p>\n<\/div><\/div>\n<\/div><\/div>\n\n\n\n<div class=\"wp-block-group alignwide\"><div class=\"wp-block-group__inner-container is-layout-constrained wp-block-group-is-layout-constrained\">\n<p class=\"has-text-align-center wp-block-paragraph\">Plut\u00f4t que des techniques et des m\u00e9thodes, le management est avant tout une affaire de comportement, comportement qui repose d\u2019abord sur la capacit\u00e9 \u00e0 donner envie \u00e0 l\u2019autre de s\u2019engager&nbsp;!<strong>&nbsp;<\/strong><\/p>\n\n\n\n<p class=\"has-text-align-center wp-block-paragraph\"><em>\u00ab&nbsp;Arr\u00eatez de penser que l\u2019Autre est le probl\u00e8me et commencez \u00e0 envisager que Vous \u00eates la solution!&nbsp;\u00bb&nbsp;&nbsp;<\/em><strong>Marshall B Rosenberg<\/strong><\/p>\n\n\n\n<p class=\"has-text-align-center wp-block-paragraph\">Je suis convaincu que le management responsable est empreint de bienveillance et procure du plaisir, source de fid\u00e9lisation des collaborateurs et des clients. Les s\u00e9minaires que je propose sont bas\u00e9s sur l\u2019Emotion et la capacit\u00e9 que l\u2019on a \u00e0 les livrer. <\/p>\n\n\n\n<p class=\"has-text-align-center wp-block-paragraph\">Ils permettent de d\u00e9velopper sa capacit\u00e9 \u00e0 Oser, donc de passer du Non-Dit Emotionnel au Dit, et du Mal-Dit \u00e0 l\u2019Aisance Orale.<\/p>\n\n\n\n<p class=\"has-text-align-center wp-block-paragraph\">Le manager devient ainsi inspirant, reconnu, influent, juste et fait preuve de l\u2019exigence n\u00e9cessaire \u00e0 toute atteinte d\u2019objectifs.<\/p>\n\n\n\n<p class=\"has-text-align-center wp-block-paragraph\" style=\"font-size:17px\"><strong><em>Dans la relation humaine, la hi\u00e9rarchie n\u2019existe pas, seuls comptent&nbsp;l\u2019effet, l\u2019\u00e9motion que le manager fait \u00e0 son collaborateur !<\/em><\/strong><\/p>\n<\/div><\/div>\n\n\n\n<div class=\"wp-block-group alignwide\"><div class=\"wp-block-group__inner-container is-layout-constrained wp-block-group-is-layout-constrained\">\n<p class=\"has-text-align-center has-large-font-size wp-block-paragraph\"><strong>T\u00e9l\u00e9charger ma plaquette ci-dessous : <\/strong><\/p>\n<\/div><\/div>\n\n\n\n<div class=\"wp-block-file alignwide\"><a id=\"wp-block-file--media-1044188f-b5f2-4012-acd7-ae57dbc12547\" href=\"https:\/\/declic-comportement.fr\/?attachment_id=35\" target=\"_blank\" rel=\"noreferrer noopener\">Plaquette-MANAGER<\/a><a href=\"https:\/\/declic-comportement.fr\/wp-content\/uploads\/2023\/01\/Plaquette-MANAGER.pdf\" class=\"wp-block-file__button wp-element-button\" download aria-describedby=\"wp-block-file--media-1044188f-b5f2-4012-acd7-ae57dbc12547\">T\u00e9l\u00e9charger<\/a><\/div>\n\n\n\n<div class=\"wp-block-group alignwide\"><div class=\"wp-block-group__inner-container is-layout-constrained wp-block-group-is-layout-constrained\">\n<p class=\"has-text-align-center wp-block-paragraph\"><strong><em>D\u00e9couvrez ma formation <a href=\"https:\/\/declic-comportement.fr\/?page_id=48\">VENDRE<\/a><\/em><\/strong><\/p>\n<\/div><\/div>\n\n\n\n<div class=\"wp-block-group alignwide\"><div class=\"wp-block-group__inner-container is-layout-constrained wp-block-group-is-layout-constrained\">\n<hr class=\"wp-block-separator has-alpha-channel-opacity\"\/>\n<\/div><\/div>\n\n\n\n<div class=\"wp-block-group alignwide\"><div class=\"wp-block-group__inner-container is-layout-constrained wp-block-group-is-layout-constrained\">\n<div class=\"wp-block-columns alignwide are-vertically-aligned-center is-layout-flex wp-container-core-columns-is-layout-8f761849 wp-block-columns-is-layout-flex\">\n<div class=\"wp-block-column is-vertically-aligned-center is-layout-flow wp-block-column-is-layout-flow\">\n<div class=\"wp-block-group is-vertical is-content-justification-center is-layout-flex wp-container-core-group-is-layout-524f8de7 wp-block-group-is-layout-flex\">\n<p class=\"has-text-align-center wp-block-paragraph\"><strong>Tisseur Guy<\/strong> &#8211; <em>Sp\u00e9cialiste de l&rsquo;efficience manag\u00e9riale et de la relation commerciale.<\/em><\/p>\n\n\n\n<p class=\"has-text-align-left wp-block-paragraph\">\ud83d\udcde 06 46 23 04 63<\/p>\n\n\n\n<p class=\"has-text-align-left wp-block-paragraph\">\ud83d\udce7 g.tisseur@declic-comportement.fR<\/p>\n<\/div>\n<\/div>\n\n\n\n<div class=\"wp-block-column is-vertically-aligned-center is-layout-flow wp-block-column-is-layout-flow\">\n<p class=\"has-text-align-center wp-block-paragraph\">Suivez mon actualit\u00e9 sur Linkedin : <\/p>\n\n\n\n<ul class=\"wp-block-social-links has-large-icon-size is-content-justification-center is-layout-flex wp-container-core-social-links-is-layout-fe48e5de wp-block-social-links-is-layout-flex\"><li class=\"wp-social-link wp-social-link-linkedin  wp-block-social-link\"><a href=\"https:\/\/www.linkedin.com\/in\/guy-tisseur-positif-coach-et-formateur-d\u00e9clic-comportement-80b44b50\/\" class=\"wp-block-social-link-anchor\"><svg width=\"24\" height=\"24\" viewBox=\"0 0 24 24\" version=\"1.1\" xmlns=\"http:\/\/www.w3.org\/2000\/svg\" aria-hidden=\"true\" focusable=\"false\"><path d=\"M19.7,3H4.3C3.582,3,3,3.582,3,4.3v15.4C3,20.418,3.582,21,4.3,21h15.4c0.718,0,1.3-0.582,1.3-1.3V4.3 C21,3.582,20.418,3,19.7,3z M8.339,18.338H5.667v-8.59h2.672V18.338z M7.004,8.574c-0.857,0-1.549-0.694-1.549-1.548 c0-0.855,0.691-1.548,1.549-1.548c0.854,0,1.547,0.694,1.547,1.548C8.551,7.881,7.858,8.574,7.004,8.574z M18.339,18.338h-2.669 v-4.177c0-0.996-0.017-2.278-1.387-2.278c-1.389,0-1.601,1.086-1.601,2.206v4.249h-2.667v-8.59h2.559v1.174h0.037 c0.356-0.675,1.227-1.387,2.526-1.387c2.703,0,3.203,1.779,3.203,4.092V18.338z\"><\/path><\/svg><span class=\"wp-block-social-link-label screen-reader-text\">LinkedIn<\/span><\/a><\/li><\/ul>\n<\/div>\n<\/div>\n<\/div><\/div>\n\n\n\n<figure class=\"wp-block-image alignfull size-large\"><a href=\"https:\/\/declic-comportement.fr\/\"><img loading=\"lazy\" decoding=\"async\" width=\"1024\" height=\"61\" src=\"https:\/\/declic-comportement.fr\/wp-content\/uploads\/2023\/01\/Capture-decran-2022-10-06-a-22.07.20-2-1024x61.png\" alt=\"\" class=\"wp-image-52\" srcset=\"https:\/\/declic-comportement.fr\/wp-content\/uploads\/2023\/01\/Capture-decran-2022-10-06-a-22.07.20-2-1024x61.png 1024w, https:\/\/declic-comportement.fr\/wp-content\/uploads\/2023\/01\/Capture-decran-2022-10-06-a-22.07.20-2-300x18.png 300w, https:\/\/declic-comportement.fr\/wp-content\/uploads\/2023\/01\/Capture-decran-2022-10-06-a-22.07.20-2-768x46.png 768w, https:\/\/declic-comportement.fr\/wp-content\/uploads\/2023\/01\/Capture-decran-2022-10-06-a-22.07.20-2-1536x92.png 1536w, https:\/\/declic-comportement.fr\/wp-content\/uploads\/2023\/01\/Capture-decran-2022-10-06-a-22.07.20-2-540x32.png 540w, https:\/\/declic-comportement.fr\/wp-content\/uploads\/2023\/01\/Capture-decran-2022-10-06-a-22.07.20-2-1080x65.png 1080w, https:\/\/declic-comportement.fr\/wp-content\/uploads\/2023\/01\/Capture-decran-2022-10-06-a-22.07.20-2.png 1974w\" sizes=\"auto, (max-width: 1024px) 100vw, 1024px\" \/><\/a><\/figure>\n","protected":false},"excerpt":{"rendered":"<p>Plut\u00f4t que des techniques et des m\u00e9thodes, le management est avant tout une affaire de comportement, comportement qui repose d\u2019abord sur la capacit\u00e9 \u00e0 donner envie \u00e0 l\u2019autre&hellip;<\/p>\n","protected":false},"author":1,"featured_media":0,"parent":0,"menu_order":0,"comment_status":"closed","ping_status":"closed","template":"","meta":{"_crdt_document":"","footnotes":""},"class_list":["post-34","page","type-page","status-publish","has-post-thumbnail","hentry"],"yoast_head":"<!-- This site is optimized with the Yoast SEO plugin v27.5 - https:\/\/yoast.com\/product\/yoast-seo-wordpress\/ -->\n<title>MANAGER - D\u00e9clic comportement<\/title>\n<meta name=\"description\" content=\"Le management est avant tout une affaire de D\u00e9clic comportement, qui repose d\u2019abord sur la capacit\u00e9 \u00e0 donner envie \u00e0 l\u2019autre de s\u2019engager !\" \/>\n<meta name=\"robots\" content=\"index, follow, max-snippet:-1, max-image-preview:large, max-video-preview:-1\" \/>\n<link rel=\"canonical\" href=\"https:\/\/declic-comportement.fr\/?page_id=34\" \/>\n<meta property=\"og:locale\" content=\"fr_FR\" \/>\n<meta property=\"og:type\" content=\"article\" \/>\n<meta property=\"og:title\" content=\"MANAGER - D\u00e9clic comportement\" \/>\n<meta property=\"og:description\" content=\"Le management est avant tout une affaire de D\u00e9clic comportement, qui repose d\u2019abord sur la capacit\u00e9 \u00e0 donner envie \u00e0 l\u2019autre de s\u2019engager !\" \/>\n<meta property=\"og:url\" content=\"https:\/\/declic-comportement.fr\/?page_id=34\" \/>\n<meta property=\"og:site_name\" content=\"D\u00e9clic comportement\" \/>\n<meta property=\"article:modified_time\" content=\"2024-05-22T20:01:57+00:00\" \/>\n<meta property=\"og:image\" content=\"https:\/\/declic-comportement.fr\/wp-content\/uploads\/2023\/01\/guy-guy-2048x1268-1.jpeg\" \/>\n<meta name=\"twitter:card\" content=\"summary_large_image\" \/>\n<script type=\"application\/ld+json\" class=\"yoast-schema-graph\">{\"@context\":\"https:\\\/\\\/schema.org\",\"@graph\":[{\"@type\":\"WebPage\",\"@id\":\"https:\\\/\\\/declic-comportement.fr\\\/?page_id=34\",\"url\":\"https:\\\/\\\/declic-comportement.fr\\\/?page_id=34\",\"name\":\"MANAGER - D\u00e9clic comportement\",\"isPartOf\":{\"@id\":\"https:\\\/\\\/declic-comportement.fr\\\/#website\"},\"primaryImageOfPage\":{\"@id\":\"https:\\\/\\\/declic-comportement.fr\\\/?page_id=34#primaryimage\"},\"image\":{\"@id\":\"https:\\\/\\\/declic-comportement.fr\\\/?page_id=34#primaryimage\"},\"thumbnailUrl\":\"https:\\\/\\\/declic-comportement.fr\\\/wp-content\\\/uploads\\\/2023\\\/01\\\/guy-guy-2048x1268-1.jpeg\",\"datePublished\":\"2023-01-09T20:43:58+00:00\",\"dateModified\":\"2024-05-22T20:01:57+00:00\",\"description\":\"Le management est avant tout une affaire de D\u00e9clic comportement, qui repose d\u2019abord sur la capacit\u00e9 \u00e0 donner envie \u00e0 l\u2019autre de s\u2019engager !\",\"breadcrumb\":{\"@id\":\"https:\\\/\\\/declic-comportement.fr\\\/?page_id=34#breadcrumb\"},\"inLanguage\":\"fr-FR\",\"potentialAction\":[{\"@type\":\"ReadAction\",\"target\":[\"https:\\\/\\\/declic-comportement.fr\\\/?page_id=34\"]}]},{\"@type\":\"ImageObject\",\"inLanguage\":\"fr-FR\",\"@id\":\"https:\\\/\\\/declic-comportement.fr\\\/?page_id=34#primaryimage\",\"url\":\"https:\\\/\\\/declic-comportement.fr\\\/wp-content\\\/uploads\\\/2023\\\/01\\\/guy-guy-2048x1268-1.jpeg\",\"contentUrl\":\"https:\\\/\\\/declic-comportement.fr\\\/wp-content\\\/uploads\\\/2023\\\/01\\\/guy-guy-2048x1268-1.jpeg\",\"width\":2048,\"height\":1268},{\"@type\":\"BreadcrumbList\",\"@id\":\"https:\\\/\\\/declic-comportement.fr\\\/?page_id=34#breadcrumb\",\"itemListElement\":[{\"@type\":\"ListItem\",\"position\":1,\"name\":\"Accueil\",\"item\":\"https:\\\/\\\/declic-comportement.fr\\\/\"},{\"@type\":\"ListItem\",\"position\":2,\"name\":\"MANAGER\u00a0AVEC EFFICACIT\u00c9 ET BIENVEILLANCE\"}]},{\"@type\":\"WebSite\",\"@id\":\"https:\\\/\\\/declic-comportement.fr\\\/#website\",\"url\":\"https:\\\/\\\/declic-comportement.fr\\\/\",\"name\":\"D\u00e9clic comportement\",\"description\":\"Positif coach et formateur\",\"publisher\":{\"@id\":\"https:\\\/\\\/declic-comportement.fr\\\/#organization\"},\"potentialAction\":[{\"@type\":\"SearchAction\",\"target\":{\"@type\":\"EntryPoint\",\"urlTemplate\":\"https:\\\/\\\/declic-comportement.fr\\\/?s={search_term_string}\"},\"query-input\":{\"@type\":\"PropertyValueSpecification\",\"valueRequired\":true,\"valueName\":\"search_term_string\"}}],\"inLanguage\":\"fr-FR\"},{\"@type\":\"Organization\",\"@id\":\"https:\\\/\\\/declic-comportement.fr\\\/#organization\",\"name\":\"D\u00e9clic comportement\",\"url\":\"https:\\\/\\\/declic-comportement.fr\\\/\",\"logo\":{\"@type\":\"ImageObject\",\"inLanguage\":\"fr-FR\",\"@id\":\"https:\\\/\\\/declic-comportement.fr\\\/#\\\/schema\\\/logo\\\/image\\\/\",\"url\":\"https:\\\/\\\/declic-comportement.fr\\\/wp-content\\\/uploads\\\/2023\\\/01\\\/cropped-Capture-decran-2022-10-06-a-23.12.04.png\",\"contentUrl\":\"https:\\\/\\\/declic-comportement.fr\\\/wp-content\\\/uploads\\\/2023\\\/01\\\/cropped-Capture-decran-2022-10-06-a-23.12.04.png\",\"width\":801,\"height\":476,\"caption\":\"D\u00e9clic comportement\"},\"image\":{\"@id\":\"https:\\\/\\\/declic-comportement.fr\\\/#\\\/schema\\\/logo\\\/image\\\/\"}}]}<\/script>\n<!-- \/ Yoast SEO plugin. -->","yoast_head_json":{"title":"MANAGER - D\u00e9clic comportement","description":"Le management est avant tout une affaire de D\u00e9clic comportement, qui repose d\u2019abord sur la capacit\u00e9 \u00e0 donner envie \u00e0 l\u2019autre de s\u2019engager !","robots":{"index":"index","follow":"follow","max-snippet":"max-snippet:-1","max-image-preview":"max-image-preview:large","max-video-preview":"max-video-preview:-1"},"canonical":"https:\/\/declic-comportement.fr\/?page_id=34","og_locale":"fr_FR","og_type":"article","og_title":"MANAGER - D\u00e9clic comportement","og_description":"Le management est avant tout une affaire de D\u00e9clic comportement, qui repose d\u2019abord sur la capacit\u00e9 \u00e0 donner envie \u00e0 l\u2019autre de s\u2019engager !","og_url":"https:\/\/declic-comportement.fr\/?page_id=34","og_site_name":"D\u00e9clic comportement","article_modified_time":"2024-05-22T20:01:57+00:00","og_image":[{"url":"https:\/\/declic-comportement.fr\/wp-content\/uploads\/2023\/01\/guy-guy-2048x1268-1.jpeg","type":"","width":"","height":""}],"twitter_card":"summary_large_image","schema":{"@context":"https:\/\/schema.org","@graph":[{"@type":"WebPage","@id":"https:\/\/declic-comportement.fr\/?page_id=34","url":"https:\/\/declic-comportement.fr\/?page_id=34","name":"MANAGER - D\u00e9clic comportement","isPartOf":{"@id":"https:\/\/declic-comportement.fr\/#website"},"primaryImageOfPage":{"@id":"https:\/\/declic-comportement.fr\/?page_id=34#primaryimage"},"image":{"@id":"https:\/\/declic-comportement.fr\/?page_id=34#primaryimage"},"thumbnailUrl":"https:\/\/declic-comportement.fr\/wp-content\/uploads\/2023\/01\/guy-guy-2048x1268-1.jpeg","datePublished":"2023-01-09T20:43:58+00:00","dateModified":"2024-05-22T20:01:57+00:00","description":"Le management est avant tout une affaire de D\u00e9clic comportement, qui repose d\u2019abord sur la capacit\u00e9 \u00e0 donner envie \u00e0 l\u2019autre de s\u2019engager !","breadcrumb":{"@id":"https:\/\/declic-comportement.fr\/?page_id=34#breadcrumb"},"inLanguage":"fr-FR","potentialAction":[{"@type":"ReadAction","target":["https:\/\/declic-comportement.fr\/?page_id=34"]}]},{"@type":"ImageObject","inLanguage":"fr-FR","@id":"https:\/\/declic-comportement.fr\/?page_id=34#primaryimage","url":"https:\/\/declic-comportement.fr\/wp-content\/uploads\/2023\/01\/guy-guy-2048x1268-1.jpeg","contentUrl":"https:\/\/declic-comportement.fr\/wp-content\/uploads\/2023\/01\/guy-guy-2048x1268-1.jpeg","width":2048,"height":1268},{"@type":"BreadcrumbList","@id":"https:\/\/declic-comportement.fr\/?page_id=34#breadcrumb","itemListElement":[{"@type":"ListItem","position":1,"name":"Accueil","item":"https:\/\/declic-comportement.fr\/"},{"@type":"ListItem","position":2,"name":"MANAGER\u00a0AVEC EFFICACIT\u00c9 ET BIENVEILLANCE"}]},{"@type":"WebSite","@id":"https:\/\/declic-comportement.fr\/#website","url":"https:\/\/declic-comportement.fr\/","name":"D\u00e9clic comportement","description":"Positif coach et formateur","publisher":{"@id":"https:\/\/declic-comportement.fr\/#organization"},"potentialAction":[{"@type":"SearchAction","target":{"@type":"EntryPoint","urlTemplate":"https:\/\/declic-comportement.fr\/?s={search_term_string}"},"query-input":{"@type":"PropertyValueSpecification","valueRequired":true,"valueName":"search_term_string"}}],"inLanguage":"fr-FR"},{"@type":"Organization","@id":"https:\/\/declic-comportement.fr\/#organization","name":"D\u00e9clic comportement","url":"https:\/\/declic-comportement.fr\/","logo":{"@type":"ImageObject","inLanguage":"fr-FR","@id":"https:\/\/declic-comportement.fr\/#\/schema\/logo\/image\/","url":"https:\/\/declic-comportement.fr\/wp-content\/uploads\/2023\/01\/cropped-Capture-decran-2022-10-06-a-23.12.04.png","contentUrl":"https:\/\/declic-comportement.fr\/wp-content\/uploads\/2023\/01\/cropped-Capture-decran-2022-10-06-a-23.12.04.png","width":801,"height":476,"caption":"D\u00e9clic comportement"},"image":{"@id":"https:\/\/declic-comportement.fr\/#\/schema\/logo\/image\/"}}]}},"_links":{"self":[{"href":"https:\/\/declic-comportement.fr\/index.php?rest_route=\/wp\/v2\/pages\/34","targetHints":{"allow":["GET"]}}],"collection":[{"href":"https:\/\/declic-comportement.fr\/index.php?rest_route=\/wp\/v2\/pages"}],"about":[{"href":"https:\/\/declic-comportement.fr\/index.php?rest_route=\/wp\/v2\/types\/page"}],"author":[{"embeddable":true,"href":"https:\/\/declic-comportement.fr\/index.php?rest_route=\/wp\/v2\/users\/1"}],"replies":[{"embeddable":true,"href":"https:\/\/declic-comportement.fr\/index.php?rest_route=%2Fwp%2Fv2%2Fcomments&post=34"}],"version-history":[{"count":29,"href":"https:\/\/declic-comportement.fr\/index.php?rest_route=\/wp\/v2\/pages\/34\/revisions"}],"predecessor-version":[{"id":224,"href":"https:\/\/declic-comportement.fr\/index.php?rest_route=\/wp\/v2\/pages\/34\/revisions\/224"}],"wp:attachment":[{"href":"https:\/\/declic-comportement.fr\/index.php?rest_route=%2Fwp%2Fv2%2Fmedia&parent=34"}],"curies":[{"name":"wp","href":"https:\/\/api.w.org\/{rel}","templated":true}]}}