{"id":65,"date":"2023-01-09T22:07:52","date_gmt":"2023-01-09T21:07:52","guid":{"rendered":"http:\/\/declic-comportement.fr\/?page_id=65"},"modified":"2023-02-02T09:27:23","modified_gmt":"2023-02-02T08:27:23","slug":"contact-guy-tisseur-delic-comportement","status":"publish","type":"page","link":"https:\/\/declic-comportement.fr\/?page_id=65","title":{"rendered":"CONTACT"},"content":{"rendered":"\n<div class=\"wp-block-group alignwide\"><div class=\"wp-block-group__inner-container is-layout-constrained wp-block-group-is-layout-constrained\">\n<p class=\"has-text-align-center wp-block-paragraph\"><strong>Pour tout renseignement ou prise de contact laissez-moi vos coordonn\u00e9es ci-dessous :<\/strong> <\/p>\n<\/div><\/div>\n\n\n\n<div class=\"wp-block-group alignwide\"><div class=\"wp-block-group__inner-container is-layout-constrained wp-block-group-is-layout-constrained\"><div class=\"wpforms-container wpforms-container-full wpforms-block\" id=\"wpforms-62\"><form id=\"wpforms-form-62\" class=\"wpforms-validate wpforms-form wpforms-ajax-form\" data-formid=\"62\" method=\"post\" enctype=\"multipart\/form-data\" action=\"\/index.php?rest_route=%2Fwp%2Fv2%2Fpages%2F65\" data-token=\"87089589d7e294f7011b6da95dbb566b\" data-token-time=\"1778068437\"><noscript class=\"wpforms-error-noscript\">Veuillez activer JavaScript dans votre navigateur pour remplir ce formulaire.<\/noscript><div class=\"wpforms-field-container\"><div id=\"wpforms-62-field_0-container\" class=\"wpforms-field wpforms-field-name\" data-field-id=\"0\"><label class=\"wpforms-field-label\">Nom et Pr\u00e9nom  <span class=\"wpforms-required-label\">*<\/span><\/label><div class=\"wpforms-field-row wpforms-field-medium\"><div class=\"wpforms-field-row-block wpforms-first wpforms-one-half\"><input type=\"text\" id=\"wpforms-62-field_0\" class=\"wpforms-field-name-first wpforms-field-required\" name=\"wpforms[fields][0][first]\" required><label for=\"wpforms-62-field_0\" class=\"wpforms-field-sublabel after\">Pr\u00e9nom<\/label><\/div><div class=\"wpforms-field-row-block wpforms-one-half\"><input type=\"text\" id=\"wpforms-62-field_0-last\" class=\"wpforms-field-name-last wpforms-field-required\" name=\"wpforms[fields][0][last]\" required><label for=\"wpforms-62-field_0-last\" class=\"wpforms-field-sublabel after\">Nom<\/label><\/div><\/div><\/div><div id=\"wpforms-62-field_1-container\" class=\"wpforms-field wpforms-field-email\" data-field-id=\"1\"><label class=\"wpforms-field-label\" for=\"wpforms-62-field_1\">E-mail <span class=\"wpforms-required-label\">*<\/span><\/label><input type=\"email\" id=\"wpforms-62-field_1\" class=\"wpforms-field-medium wpforms-field-required\" name=\"wpforms[fields][1]\" spellcheck=\"false\" required><\/div><div id=\"wpforms-62-field_2-container\" class=\"wpforms-field wpforms-field-textarea\" data-field-id=\"2\"><label class=\"wpforms-field-label\" for=\"wpforms-62-field_2\">Commentaire ou message <span class=\"wpforms-required-label\">*<\/span><\/label><textarea id=\"wpforms-62-field_2\" class=\"wpforms-field-medium wpforms-field-required\" name=\"wpforms[fields][2]\" required><\/textarea><\/div><div id=\"wpforms-62-field_3-container\" class=\"wpforms-field wpforms-field-checkbox\" data-field-id=\"3\"><ul id=\"wpforms-62-field_3\" class=\"wpforms-field-required\"><li class=\"choice-1 depth-1\"><input type=\"checkbox\" id=\"wpforms-62-field_3_1\" name=\"wpforms[fields][3][]\" value=\"En soumettant ce formulaire, j&#039;accepte que les informations saisies soient exploit\u00e9es dans le cadre de la demande de d\u00e9mo et de la relation commerciale qui peut en d\u00e9couler.\" required ><label class=\"wpforms-field-label-inline\" for=\"wpforms-62-field_3_1\">En soumettant ce formulaire, j&rsquo;accepte que les informations saisies soient exploit\u00e9es dans le cadre de la demande de d\u00e9mo et de la relation commerciale qui peut en d\u00e9couler.<\/label><\/li><\/ul><\/div><\/div><!-- .wpforms-field-container --><div class=\"wpforms-submit-container\" ><input type=\"hidden\" name=\"wpforms[id]\" value=\"62\"><input type=\"hidden\" name=\"page_title\" value=\"\"><input type=\"hidden\" name=\"page_url\" value=\"https:\/\/declic-comportement.fr\/index.php?rest_route=\/wp\/v2\/pages\/65\"><input type=\"hidden\" name=\"url_referer\" value=\"\"><button type=\"submit\" name=\"wpforms[submit]\" id=\"wpforms-submit-62\" class=\"wpforms-submit\" data-alt-text=\"Envoi...\" data-submit-text=\"Envoyer\" aria-live=\"assertive\" value=\"wpforms-submit\">Envoyer<\/button><img loading=\"lazy\" decoding=\"async\" src=\"https:\/\/declic-comportement.fr\/wp-content\/plugins\/wpforms-lite\/assets\/images\/submit-spin.svg\" class=\"wpforms-submit-spinner\" style=\"display: none;\" width=\"26\" height=\"26\" alt=\"Chargement en cours\"><\/div><\/form><\/div>  <!-- .wpforms-container --><\/div><\/div>\n\n\n\n<div class=\"wp-block-group alignwide\"><div class=\"wp-block-group__inner-container is-layout-constrained wp-block-group-is-layout-constrained\">\n<hr class=\"wp-block-separator has-alpha-channel-opacity\"\/>\n<\/div><\/div>\n\n\n\n<div class=\"wp-block-group alignwide\"><div class=\"wp-block-group__inner-container is-layout-constrained wp-block-group-is-layout-constrained\">\n<div class=\"wp-block-columns alignwide are-vertically-aligned-center is-layout-flex wp-container-core-columns-is-layout-8f761849 wp-block-columns-is-layout-flex\">\n<div class=\"wp-block-column is-vertically-aligned-center is-layout-flow wp-block-column-is-layout-flow\">\n<div class=\"wp-block-group is-vertical is-content-justification-center is-layout-flex wp-container-core-group-is-layout-524f8de7 wp-block-group-is-layout-flex\">\n<p class=\"has-text-align-center wp-block-paragraph\"><strong>Tisseur Guy<\/strong> &#8211; <em>Sp\u00e9cialiste de l&rsquo;efficience manag\u00e9riale et de la relation commerciale.<\/em><\/p>\n\n\n\n<p class=\"has-text-align-left wp-block-paragraph\">\ud83d\udcde 06 46 23 04 63<\/p>\n\n\n\n<p class=\"has-text-align-left wp-block-paragraph\">\ud83d\udce7 g.tisseur@declic-comportement.fR<\/p>\n<\/div>\n<\/div>\n\n\n\n<div class=\"wp-block-column is-vertically-aligned-center is-layout-flow wp-block-column-is-layout-flow\">\n<p class=\"has-text-align-center wp-block-paragraph\">Suivez mon actualit\u00e9 sur Linkedin : <\/p>\n\n\n\n<ul class=\"wp-block-social-links has-large-icon-size is-content-justification-center is-layout-flex wp-container-core-social-links-is-layout-fe48e5de wp-block-social-links-is-layout-flex\"><li class=\"wp-social-link wp-social-link-linkedin  wp-block-social-link\"><a href=\"https:\/\/www.linkedin.com\/in\/guy-tisseur-positif-coach-et-formateur-d\u00e9clic-comportement-80b44b50\/\" class=\"wp-block-social-link-anchor\"><svg width=\"24\" height=\"24\" viewBox=\"0 0 24 24\" version=\"1.1\" xmlns=\"http:\/\/www.w3.org\/2000\/svg\" aria-hidden=\"true\" focusable=\"false\"><path d=\"M19.7,3H4.3C3.582,3,3,3.582,3,4.3v15.4C3,20.418,3.582,21,4.3,21h15.4c0.718,0,1.3-0.582,1.3-1.3V4.3 C21,3.582,20.418,3,19.7,3z M8.339,18.338H5.667v-8.59h2.672V18.338z M7.004,8.574c-0.857,0-1.549-0.694-1.549-1.548 c0-0.855,0.691-1.548,1.549-1.548c0.854,0,1.547,0.694,1.547,1.548C8.551,7.881,7.858,8.574,7.004,8.574z M18.339,18.338h-2.669 v-4.177c0-0.996-0.017-2.278-1.387-2.278c-1.389,0-1.601,1.086-1.601,2.206v4.249h-2.667v-8.59h2.559v1.174h0.037 c0.356-0.675,1.227-1.387,2.526-1.387c2.703,0,3.203,1.779,3.203,4.092V18.338z\"><\/path><\/svg><span class=\"wp-block-social-link-label screen-reader-text\">LinkedIn<\/span><\/a><\/li><\/ul>\n<\/div>\n<\/div>\n<\/div><\/div>\n\n\n\n<figure class=\"wp-block-image alignfull size-large\"><a href=\"https:\/\/declic-comportement.fr\/\"><img loading=\"lazy\" decoding=\"async\" width=\"1024\" height=\"61\" src=\"https:\/\/declic-comportement.fr\/wp-content\/uploads\/2023\/01\/Capture-decran-2022-10-06-a-22.07.20-4-1024x61.png\" alt=\"\" class=\"wp-image-66\" srcset=\"https:\/\/declic-comportement.fr\/wp-content\/uploads\/2023\/01\/Capture-decran-2022-10-06-a-22.07.20-4-1024x61.png 1024w, https:\/\/declic-comportement.fr\/wp-content\/uploads\/2023\/01\/Capture-decran-2022-10-06-a-22.07.20-4-300x18.png 300w, https:\/\/declic-comportement.fr\/wp-content\/uploads\/2023\/01\/Capture-decran-2022-10-06-a-22.07.20-4-768x46.png 768w, https:\/\/declic-comportement.fr\/wp-content\/uploads\/2023\/01\/Capture-decran-2022-10-06-a-22.07.20-4-1536x92.png 1536w, https:\/\/declic-comportement.fr\/wp-content\/uploads\/2023\/01\/Capture-decran-2022-10-06-a-22.07.20-4-540x32.png 540w, https:\/\/declic-comportement.fr\/wp-content\/uploads\/2023\/01\/Capture-decran-2022-10-06-a-22.07.20-4-1080x65.png 1080w, https:\/\/declic-comportement.fr\/wp-content\/uploads\/2023\/01\/Capture-decran-2022-10-06-a-22.07.20-4.png 1974w\" sizes=\"auto, (max-width: 1024px) 100vw, 1024px\" \/><\/a><\/figure>\n","protected":false},"excerpt":{"rendered":"<p>Pour tout renseignement ou prise de contact laissez-moi vos coordonn\u00e9es ci-dessous :<\/p>\n","protected":false},"author":1,"featured_media":0,"parent":0,"menu_order":0,"comment_status":"closed","ping_status":"closed","template":"","meta":{"_crdt_document":"","footnotes":""},"class_list":["post-65","page","type-page","status-publish","has-post-thumbnail","hentry"],"yoast_head":"<!-- This site is optimized with the Yoast SEO plugin v27.5 - https:\/\/yoast.com\/product\/yoast-seo-wordpress\/ -->\n<title>CONTACT - D\u00e9clic comportement<\/title>\n<meta name=\"description\" content=\"Je suis\u00a0Guy TISSEUR, Sp\u00e9cialiste de l&#039;efficience manag\u00e9riale et de la relation commerciale. Contactez-moi pour plus d&#039;informations.\" \/>\n<meta name=\"robots\" content=\"index, follow, max-snippet:-1, max-image-preview:large, max-video-preview:-1\" \/>\n<link rel=\"canonical\" href=\"https:\/\/declic-comportement.fr\/?page_id=65\" \/>\n<meta property=\"og:locale\" content=\"fr_FR\" \/>\n<meta property=\"og:type\" content=\"article\" \/>\n<meta property=\"og:title\" content=\"CONTACT - D\u00e9clic comportement\" \/>\n<meta property=\"og:description\" content=\"Je suis\u00a0Guy TISSEUR, Sp\u00e9cialiste de l&#039;efficience manag\u00e9riale et de la relation commerciale. Contactez-moi pour plus d&#039;informations.\" \/>\n<meta property=\"og:url\" content=\"https:\/\/declic-comportement.fr\/?page_id=65\" \/>\n<meta property=\"og:site_name\" content=\"D\u00e9clic comportement\" \/>\n<meta property=\"article:modified_time\" content=\"2023-02-02T08:27:23+00:00\" \/>\n<meta property=\"og:image\" content=\"http:\/\/declic-comportement.fr\/wp-content\/uploads\/2023\/01\/Capture-decran-2022-10-06-a-22.07.20-4-1024x61.png\" \/>\n<meta name=\"twitter:card\" content=\"summary_large_image\" \/>\n<meta name=\"twitter:label1\" content=\"Dur\u00e9e de lecture estim\u00e9e\" \/>\n\t<meta name=\"twitter:data1\" content=\"1 minute\" \/>\n<script type=\"application\/ld+json\" class=\"yoast-schema-graph\">{\"@context\":\"https:\\\/\\\/schema.org\",\"@graph\":[{\"@type\":\"WebPage\",\"@id\":\"https:\\\/\\\/declic-comportement.fr\\\/?page_id=65\",\"url\":\"https:\\\/\\\/declic-comportement.fr\\\/?page_id=65\",\"name\":\"CONTACT - D\u00e9clic comportement\",\"isPartOf\":{\"@id\":\"https:\\\/\\\/declic-comportement.fr\\\/#website\"},\"primaryImageOfPage\":{\"@id\":\"https:\\\/\\\/declic-comportement.fr\\\/?page_id=65#primaryimage\"},\"image\":{\"@id\":\"https:\\\/\\\/declic-comportement.fr\\\/?page_id=65#primaryimage\"},\"thumbnailUrl\":\"http:\\\/\\\/declic-comportement.fr\\\/wp-content\\\/uploads\\\/2023\\\/01\\\/Capture-decran-2022-10-06-a-22.07.20-4-1024x61.png\",\"datePublished\":\"2023-01-09T21:07:52+00:00\",\"dateModified\":\"2023-02-02T08:27:23+00:00\",\"description\":\"Je suis\u00a0Guy TISSEUR, Sp\u00e9cialiste de l'efficience manag\u00e9riale et de la relation commerciale. Contactez-moi pour plus d'informations.\",\"breadcrumb\":{\"@id\":\"https:\\\/\\\/declic-comportement.fr\\\/?page_id=65#breadcrumb\"},\"inLanguage\":\"fr-FR\",\"potentialAction\":[{\"@type\":\"ReadAction\",\"target\":[\"https:\\\/\\\/declic-comportement.fr\\\/?page_id=65\"]}]},{\"@type\":\"ImageObject\",\"inLanguage\":\"fr-FR\",\"@id\":\"https:\\\/\\\/declic-comportement.fr\\\/?page_id=65#primaryimage\",\"url\":\"http:\\\/\\\/declic-comportement.fr\\\/wp-content\\\/uploads\\\/2023\\\/01\\\/Capture-decran-2022-10-06-a-22.07.20-4-1024x61.png\",\"contentUrl\":\"http:\\\/\\\/declic-comportement.fr\\\/wp-content\\\/uploads\\\/2023\\\/01\\\/Capture-decran-2022-10-06-a-22.07.20-4-1024x61.png\"},{\"@type\":\"BreadcrumbList\",\"@id\":\"https:\\\/\\\/declic-comportement.fr\\\/?page_id=65#breadcrumb\",\"itemListElement\":[{\"@type\":\"ListItem\",\"position\":1,\"name\":\"Accueil\",\"item\":\"https:\\\/\\\/declic-comportement.fr\\\/\"},{\"@type\":\"ListItem\",\"position\":2,\"name\":\"CONTACT\"}]},{\"@type\":\"WebSite\",\"@id\":\"https:\\\/\\\/declic-comportement.fr\\\/#website\",\"url\":\"https:\\\/\\\/declic-comportement.fr\\\/\",\"name\":\"D\u00e9clic comportement\",\"description\":\"Positif coach et formateur\",\"publisher\":{\"@id\":\"https:\\\/\\\/declic-comportement.fr\\\/#organization\"},\"potentialAction\":[{\"@type\":\"SearchAction\",\"target\":{\"@type\":\"EntryPoint\",\"urlTemplate\":\"https:\\\/\\\/declic-comportement.fr\\\/?s={search_term_string}\"},\"query-input\":{\"@type\":\"PropertyValueSpecification\",\"valueRequired\":true,\"valueName\":\"search_term_string\"}}],\"inLanguage\":\"fr-FR\"},{\"@type\":\"Organization\",\"@id\":\"https:\\\/\\\/declic-comportement.fr\\\/#organization\",\"name\":\"D\u00e9clic comportement\",\"url\":\"https:\\\/\\\/declic-comportement.fr\\\/\",\"logo\":{\"@type\":\"ImageObject\",\"inLanguage\":\"fr-FR\",\"@id\":\"https:\\\/\\\/declic-comportement.fr\\\/#\\\/schema\\\/logo\\\/image\\\/\",\"url\":\"https:\\\/\\\/declic-comportement.fr\\\/wp-content\\\/uploads\\\/2023\\\/01\\\/cropped-Capture-decran-2022-10-06-a-23.12.04.png\",\"contentUrl\":\"https:\\\/\\\/declic-comportement.fr\\\/wp-content\\\/uploads\\\/2023\\\/01\\\/cropped-Capture-decran-2022-10-06-a-23.12.04.png\",\"width\":801,\"height\":476,\"caption\":\"D\u00e9clic comportement\"},\"image\":{\"@id\":\"https:\\\/\\\/declic-comportement.fr\\\/#\\\/schema\\\/logo\\\/image\\\/\"}}]}<\/script>\n<!-- \/ Yoast SEO plugin. -->","yoast_head_json":{"title":"CONTACT - D\u00e9clic comportement","description":"Je suis\u00a0Guy TISSEUR, Sp\u00e9cialiste de l'efficience manag\u00e9riale et de la relation commerciale. Contactez-moi pour plus d'informations.","robots":{"index":"index","follow":"follow","max-snippet":"max-snippet:-1","max-image-preview":"max-image-preview:large","max-video-preview":"max-video-preview:-1"},"canonical":"https:\/\/declic-comportement.fr\/?page_id=65","og_locale":"fr_FR","og_type":"article","og_title":"CONTACT - D\u00e9clic comportement","og_description":"Je suis\u00a0Guy TISSEUR, Sp\u00e9cialiste de l'efficience manag\u00e9riale et de la relation commerciale. Contactez-moi pour plus d'informations.","og_url":"https:\/\/declic-comportement.fr\/?page_id=65","og_site_name":"D\u00e9clic comportement","article_modified_time":"2023-02-02T08:27:23+00:00","og_image":[{"url":"http:\/\/declic-comportement.fr\/wp-content\/uploads\/2023\/01\/Capture-decran-2022-10-06-a-22.07.20-4-1024x61.png","type":"","width":"","height":""}],"twitter_card":"summary_large_image","twitter_misc":{"Dur\u00e9e de lecture estim\u00e9e":"1 minute"},"schema":{"@context":"https:\/\/schema.org","@graph":[{"@type":"WebPage","@id":"https:\/\/declic-comportement.fr\/?page_id=65","url":"https:\/\/declic-comportement.fr\/?page_id=65","name":"CONTACT - D\u00e9clic comportement","isPartOf":{"@id":"https:\/\/declic-comportement.fr\/#website"},"primaryImageOfPage":{"@id":"https:\/\/declic-comportement.fr\/?page_id=65#primaryimage"},"image":{"@id":"https:\/\/declic-comportement.fr\/?page_id=65#primaryimage"},"thumbnailUrl":"http:\/\/declic-comportement.fr\/wp-content\/uploads\/2023\/01\/Capture-decran-2022-10-06-a-22.07.20-4-1024x61.png","datePublished":"2023-01-09T21:07:52+00:00","dateModified":"2023-02-02T08:27:23+00:00","description":"Je suis\u00a0Guy TISSEUR, Sp\u00e9cialiste de l'efficience manag\u00e9riale et de la relation commerciale. Contactez-moi pour plus d'informations.","breadcrumb":{"@id":"https:\/\/declic-comportement.fr\/?page_id=65#breadcrumb"},"inLanguage":"fr-FR","potentialAction":[{"@type":"ReadAction","target":["https:\/\/declic-comportement.fr\/?page_id=65"]}]},{"@type":"ImageObject","inLanguage":"fr-FR","@id":"https:\/\/declic-comportement.fr\/?page_id=65#primaryimage","url":"http:\/\/declic-comportement.fr\/wp-content\/uploads\/2023\/01\/Capture-decran-2022-10-06-a-22.07.20-4-1024x61.png","contentUrl":"http:\/\/declic-comportement.fr\/wp-content\/uploads\/2023\/01\/Capture-decran-2022-10-06-a-22.07.20-4-1024x61.png"},{"@type":"BreadcrumbList","@id":"https:\/\/declic-comportement.fr\/?page_id=65#breadcrumb","itemListElement":[{"@type":"ListItem","position":1,"name":"Accueil","item":"https:\/\/declic-comportement.fr\/"},{"@type":"ListItem","position":2,"name":"CONTACT"}]},{"@type":"WebSite","@id":"https:\/\/declic-comportement.fr\/#website","url":"https:\/\/declic-comportement.fr\/","name":"D\u00e9clic comportement","description":"Positif coach et formateur","publisher":{"@id":"https:\/\/declic-comportement.fr\/#organization"},"potentialAction":[{"@type":"SearchAction","target":{"@type":"EntryPoint","urlTemplate":"https:\/\/declic-comportement.fr\/?s={search_term_string}"},"query-input":{"@type":"PropertyValueSpecification","valueRequired":true,"valueName":"search_term_string"}}],"inLanguage":"fr-FR"},{"@type":"Organization","@id":"https:\/\/declic-comportement.fr\/#organization","name":"D\u00e9clic comportement","url":"https:\/\/declic-comportement.fr\/","logo":{"@type":"ImageObject","inLanguage":"fr-FR","@id":"https:\/\/declic-comportement.fr\/#\/schema\/logo\/image\/","url":"https:\/\/declic-comportement.fr\/wp-content\/uploads\/2023\/01\/cropped-Capture-decran-2022-10-06-a-23.12.04.png","contentUrl":"https:\/\/declic-comportement.fr\/wp-content\/uploads\/2023\/01\/cropped-Capture-decran-2022-10-06-a-23.12.04.png","width":801,"height":476,"caption":"D\u00e9clic comportement"},"image":{"@id":"https:\/\/declic-comportement.fr\/#\/schema\/logo\/image\/"}}]}},"_links":{"self":[{"href":"https:\/\/declic-comportement.fr\/index.php?rest_route=\/wp\/v2\/pages\/65","targetHints":{"allow":["GET"]}}],"collection":[{"href":"https:\/\/declic-comportement.fr\/index.php?rest_route=\/wp\/v2\/pages"}],"about":[{"href":"https:\/\/declic-comportement.fr\/index.php?rest_route=\/wp\/v2\/types\/page"}],"author":[{"embeddable":true,"href":"https:\/\/declic-comportement.fr\/index.php?rest_route=\/wp\/v2\/users\/1"}],"replies":[{"embeddable":true,"href":"https:\/\/declic-comportement.fr\/index.php?rest_route=%2Fwp%2Fv2%2Fcomments&post=65"}],"version-history":[{"count":11,"href":"https:\/\/declic-comportement.fr\/index.php?rest_route=\/wp\/v2\/pages\/65\/revisions"}],"predecessor-version":[{"id":222,"href":"https:\/\/declic-comportement.fr\/index.php?rest_route=\/wp\/v2\/pages\/65\/revisions\/222"}],"wp:attachment":[{"href":"https:\/\/declic-comportement.fr\/index.php?rest_route=%2Fwp%2Fv2%2Fmedia&parent=65"}],"curies":[{"name":"wp","href":"https:\/\/api.w.org\/{rel}","templated":true}]}}